{"id":9657,"date":"2023-02-10T15:05:04","date_gmt":"2023-02-10T15:05:04","guid":{"rendered":"\/ordlista\/"},"modified":"2025-04-05T10:49:34","modified_gmt":"2025-04-05T10:49:34","slug":"knowledge-center-glossary","status":"publish","type":"page","link":"\/sv\/knowledge-center-glossary\/","title":{"rendered":"Ordlista"},"content":{"rendered":"","protected":false},"excerpt":{"rendered":"","protected":false},"author":1,"featured_media":0,"parent":0,"menu_order":0,"comment_status":"closed","ping_status":"closed","template":"page-templates\/page-knowledge-center-glossary.php","meta":[],"yoast_head":"<!-- This site is optimized with the Yoast SEO plugin v15.9.1 - https:\/\/yoast.com\/wordpress\/plugins\/seo\/ -->\n<title>Ordlista - TitanEdge<\/title>\n<meta name=\"description\" content=\"Mer \u00e4n 100 finansiella termer f\u00f6rklaras. Kolla in v\u00e5r sida med A-Z-ordlista och h\u00e5ll dig informerad.\" \/>\n<link rel=\"canonical\" href=\"https:\/\/www.titan-edge.com\/sv\/knowledge-center-glossary\/\" \/>\n<meta property=\"og:locale\" content=\"sv_SE\" \/>\n<meta property=\"og:type\" content=\"article\" \/>\n<meta property=\"og:title\" content=\"Ordlista - TitanEdge\" \/>\n<meta property=\"og:description\" content=\"Mer \u00e4n 100 finansiella termer f\u00f6rklaras. Kolla in v\u00e5r sida med A-Z-ordlista och h\u00e5ll dig informerad.\" \/>\n<meta property=\"og:url\" content=\"\/sv\/knowledge-center-glossary\/\" \/>\n<meta property=\"og:site_name\" content=\"TitanEdge\" \/>\n<meta property=\"article:modified_time\" content=\"2025-04-05T10:49:34+00:00\" \/>\n<meta name=\"twitter:card\" content=\"summary_large_image\" \/>\n<script type=\"application\/ld+json\" class=\"yoast-schema-graph\">{\"@context\":\"https:\/\/schema.org\",\"@graph\":[{\"@type\":\"WebSite\",\"@id\":\"https:\/\/www.titan-edge.com\/#website\",\"url\":\"https:\/\/www.titan-edge.com\/\",\"name\":\"TitanEdge\",\"description\":\"\",\"potentialAction\":[{\"@type\":\"SearchAction\",\"target\":\"https:\/\/www.titan-edge.com\/?s={search_term_string}\",\"query-input\":\"required name=search_term_string\"}],\"inLanguage\":\"sv-SE\"},{\"@type\":\"WebPage\",\"@id\":\"https:\/\/www.titan-edge.com\/sv\/knowledge-center-glossary\/#webpage\",\"url\":\"https:\/\/www.titan-edge.com\/sv\/knowledge-center-glossary\/\",\"name\":\"Ordlista - TitanEdge\",\"isPartOf\":{\"@id\":\"https:\/\/www.titan-edge.com\/#website\"},\"datePublished\":\"2023-02-10T15:05:04+00:00\",\"dateModified\":\"2025-04-05T10:49:34+00:00\",\"description\":\"Mer \\u00e4n 100 finansiella termer f\\u00f6rklaras. Kolla in v\\u00e5r sida med A-Z-ordlista och h\\u00e5ll dig informerad.\",\"breadcrumb\":{\"@id\":\"https:\/\/www.titan-edge.com\/sv\/knowledge-center-glossary\/#breadcrumb\"},\"inLanguage\":\"sv-SE\",\"potentialAction\":[{\"@type\":\"ReadAction\",\"target\":[\"https:\/\/www.titan-edge.com\/sv\/knowledge-center-glossary\/\"]}]},{\"@type\":\"BreadcrumbList\",\"@id\":\"https:\/\/www.titan-edge.com\/sv\/knowledge-center-glossary\/#breadcrumb\",\"itemListElement\":[{\"@type\":\"ListItem\",\"position\":1,\"item\":{\"@type\":\"WebPage\",\"@id\":\"\/sv\/\",\"url\":\"\/sv\/\",\"name\":\"Home\"}},{\"@type\":\"ListItem\",\"position\":2,\"item\":{\"@type\":\"WebPage\",\"@id\":\"\/sv\/knowledge-center-glossary\/\",\"url\":\"\/sv\/knowledge-center-glossary\/\",\"name\":\"Ordlista\"}}]}]}<\/script>\n<!-- \/ Yoast SEO plugin. -->","_links":{"self":[{"href":"https:\/\/www.titan-edge.com\/sv\/wp-json\/wp\/v2\/pages\/9657"}],"collection":[{"href":"https:\/\/www.titan-edge.com\/sv\/wp-json\/wp\/v2\/pages"}],"about":[{"href":"https:\/\/www.titan-edge.com\/sv\/wp-json\/wp\/v2\/types\/page"}],"author":[{"embeddable":true,"href":"https:\/\/www.titan-edge.com\/sv\/wp-json\/wp\/v2\/users\/1"}],"replies":[{"embeddable":true,"href":"https:\/\/www.titan-edge.com\/sv\/wp-json\/wp\/v2\/comments?post=9657"}],"version-history":[{"count":2,"href":"https:\/\/www.titan-edge.com\/sv\/wp-json\/wp\/v2\/pages\/9657\/revisions"}],"predecessor-version":[{"id":9659,"href":"https:\/\/www.titan-edge.com\/sv\/wp-json\/wp\/v2\/pages\/9657\/revisions\/9659"}],"wp:attachment":[{"href":"https:\/\/www.titan-edge.com\/sv\/wp-json\/wp\/v2\/media?parent=9657"}],"curies":[{"name":"wp","href":"https:\/\/api.w.org\/{rel}","templated":true}]}}