{"id":9589,"date":"2023-02-10T14:14:02","date_gmt":"2023-02-10T14:14:02","guid":{"rendered":"\/faq\/"},"modified":"2025-04-05T10:46:53","modified_gmt":"2025-04-05T10:46:53","slug":"knowledge-center-faq","status":"publish","type":"page","link":"\/sv\/knowledge-center-faq\/","title":{"rendered":"FAQ"},"content":{"rendered":"","protected":false},"excerpt":{"rendered":"","protected":false},"author":1,"featured_media":0,"parent":0,"menu_order":0,"comment_status":"closed","ping_status":"closed","template":"page-templates\/page-knowledge-center-faq.php","meta":[],"yoast_head":"<!-- This site is optimized with the Yoast SEO plugin v15.9.1 - https:\/\/yoast.com\/wordpress\/plugins\/seo\/ -->\n<title>Vanliga fr\u00e5gor | TitanEdge<\/title>\n<meta name=\"description\" content=\"Har du n\u00e5gra fr\u00e5gor? Kolla v\u00e5r sida med vanliga fr\u00e5gor, du kanske hittar svaret h\u00e4r.\" \/>\n<link rel=\"canonical\" href=\"https:\/\/www.titan-edge.com\/sv\/knowledge-center-faq\/\" \/>\n<meta property=\"og:locale\" content=\"sv_SE\" \/>\n<meta property=\"og:type\" content=\"article\" \/>\n<meta property=\"og:title\" content=\"Vanliga fr\u00e5gor | TitanEdge\" \/>\n<meta property=\"og:description\" content=\"Har du n\u00e5gra fr\u00e5gor? Kolla v\u00e5r sida med vanliga fr\u00e5gor, du kanske hittar svaret h\u00e4r.\" \/>\n<meta property=\"og:url\" content=\"\/sv\/knowledge-center-faq\/\" \/>\n<meta property=\"og:site_name\" content=\"TitanEdge\" \/>\n<meta property=\"article:modified_time\" content=\"2025-04-05T10:46:53+00:00\" \/>\n<meta name=\"twitter:card\" content=\"summary_large_image\" \/>\n<script type=\"application\/ld+json\" class=\"yoast-schema-graph\">{\"@context\":\"https:\/\/schema.org\",\"@graph\":[{\"@type\":\"WebSite\",\"@id\":\"https:\/\/www.titan-edge.com\/#website\",\"url\":\"https:\/\/www.titan-edge.com\/\",\"name\":\"TitanEdge\",\"description\":\"\",\"potentialAction\":[{\"@type\":\"SearchAction\",\"target\":\"https:\/\/www.titan-edge.com\/?s={search_term_string}\",\"query-input\":\"required name=search_term_string\"}],\"inLanguage\":\"sv-SE\"},{\"@type\":\"WebPage\",\"@id\":\"https:\/\/www.titan-edge.com\/sv\/knowledge-center-faq\/#webpage\",\"url\":\"https:\/\/www.titan-edge.com\/sv\/knowledge-center-faq\/\",\"name\":\"Vanliga fr\\u00e5gor | TitanEdge\",\"isPartOf\":{\"@id\":\"https:\/\/www.titan-edge.com\/#website\"},\"datePublished\":\"2023-02-10T14:14:02+00:00\",\"dateModified\":\"2025-04-05T10:46:53+00:00\",\"description\":\"Har du n\\u00e5gra fr\\u00e5gor? Kolla v\\u00e5r sida med vanliga fr\\u00e5gor, du kanske hittar svaret h\\u00e4r.\",\"breadcrumb\":{\"@id\":\"https:\/\/www.titan-edge.com\/sv\/knowledge-center-faq\/#breadcrumb\"},\"inLanguage\":\"sv-SE\",\"potentialAction\":[{\"@type\":\"ReadAction\",\"target\":[\"https:\/\/www.titan-edge.com\/sv\/knowledge-center-faq\/\"]}]},{\"@type\":\"BreadcrumbList\",\"@id\":\"https:\/\/www.titan-edge.com\/sv\/knowledge-center-faq\/#breadcrumb\",\"itemListElement\":[{\"@type\":\"ListItem\",\"position\":1,\"item\":{\"@type\":\"WebPage\",\"@id\":\"\/sv\/\",\"url\":\"\/sv\/\",\"name\":\"Home\"}},{\"@type\":\"ListItem\",\"position\":2,\"item\":{\"@type\":\"WebPage\",\"@id\":\"\/sv\/knowledge-center-faq\/\",\"url\":\"\/sv\/knowledge-center-faq\/\",\"name\":\"FAQ\"}}]}]}<\/script>\n<!-- \/ Yoast SEO plugin. -->","_links":{"self":[{"href":"https:\/\/www.titan-edge.com\/sv\/wp-json\/wp\/v2\/pages\/9589"}],"collection":[{"href":"https:\/\/www.titan-edge.com\/sv\/wp-json\/wp\/v2\/pages"}],"about":[{"href":"https:\/\/www.titan-edge.com\/sv\/wp-json\/wp\/v2\/types\/page"}],"author":[{"embeddable":true,"href":"https:\/\/www.titan-edge.com\/sv\/wp-json\/wp\/v2\/users\/1"}],"replies":[{"embeddable":true,"href":"https:\/\/www.titan-edge.com\/sv\/wp-json\/wp\/v2\/comments?post=9589"}],"version-history":[{"count":6,"href":"https:\/\/www.titan-edge.com\/sv\/wp-json\/wp\/v2\/pages\/9589\/revisions"}],"predecessor-version":[{"id":12417,"href":"https:\/\/www.titan-edge.com\/sv\/wp-json\/wp\/v2\/pages\/9589\/revisions\/12417"}],"wp:attachment":[{"href":"https:\/\/www.titan-edge.com\/sv\/wp-json\/wp\/v2\/media?parent=9589"}],"curies":[{"name":"wp","href":"https:\/\/api.w.org\/{rel}","templated":true}]}}