{"id":9573,"date":"2023-02-10T12:29:18","date_gmt":"2023-02-10T12:29:18","guid":{"rendered":"\/handelstider-och-helgdagar\/"},"modified":"2025-04-23T13:00:29","modified_gmt":"2025-04-23T13:00:29","slug":"trading-hours-and-holidays","status":"publish","type":"page","link":"\/sv\/trading-hours-and-holidays\/","title":{"rendered":"Handelstider och helgdagar"},"content":{"rendered":"\n<h1>Handelstider och helgdagar<\/h1>\n\n\n\n<p>&nbsp;<\/p>\n\n\n\n<p>&nbsp;<\/p>\n\n\n\n<p>&nbsp;<\/p>\n\n\n\n<p class=\"trading-hours__description\">Det \u00e4r viktigt att du vet n\u00e4r marknaderna \u00e4r st\u00e4ngda p\u00e5 grund av nationella helgdagar. Du b\u00f6r f\u00f6rs\u00f6ka planera dina aff\u00e4rer s\u00e5 att de inte sammanfaller med dessa datum eftersom marknadsvolatiliteten kan vara h\u00f6gre och avgifter kan tillkomma f\u00f6r att l\u00e4mna aff\u00e4rer \u00f6ppna under en semesterperiod.<\/p>\n\n\n\n<p>** Alla tider i GMT+3<\/p>\n","protected":false},"excerpt":{"rendered":"<p>Handelstider och helgdagar &nbsp; &nbsp; &nbsp; Det \u00e4r viktigt att du vet n\u00e4r marknaderna \u00e4r st\u00e4ngda p\u00e5 grund av nationella helgdagar. Du b\u00f6r f\u00f6rs\u00f6ka planera dina aff\u00e4rer s\u00e5 att de inte sammanfaller med dessa datum eftersom marknadsvolatiliteten kan vara h\u00f6gre och avgifter kan tillkomma f\u00f6r att l\u00e4mna aff\u00e4rer \u00f6ppna under en semesterperiod. ** Alla tider [&hellip;]<\/p>\n","protected":false},"author":19,"featured_media":0,"parent":0,"menu_order":0,"comment_status":"closed","ping_status":"closed","template":"page-templates\/page-trading-hours.php","meta":[],"yoast_head":"<!-- This site is optimized with the Yoast SEO plugin v15.9.1 - https:\/\/yoast.com\/wordpress\/plugins\/seo\/ -->\n<title>Handelstider och helgdagar | TitanEdge<\/title>\n<meta name=\"description\" content=\"Det \u00e4r viktigt f\u00f6r dig att veta n\u00e4r marknaderna kommer att vara st\u00e4ngda p\u00e5 grund av nationella helgdagar. Du b\u00f6r f\u00f6rs\u00f6ka planera dina aff\u00e4rer i enlighet med detta!\" \/>\n<link rel=\"canonical\" href=\"https:\/\/www.titan-edge.com\/sv\/trading-hours-and-holidays\/\" \/>\n<meta property=\"og:locale\" content=\"sv_SE\" \/>\n<meta property=\"og:type\" content=\"article\" \/>\n<meta property=\"og:title\" content=\"Handelstider och helgdagar | TitanEdge\" \/>\n<meta property=\"og:description\" content=\"Det \u00e4r viktigt f\u00f6r dig att veta n\u00e4r marknaderna kommer att vara st\u00e4ngda p\u00e5 grund av nationella helgdagar. Du b\u00f6r f\u00f6rs\u00f6ka planera dina aff\u00e4rer i enlighet med detta!\" \/>\n<meta property=\"og:url\" content=\"\/sv\/trading-hours-and-holidays\/\" \/>\n<meta property=\"og:site_name\" content=\"TitanEdge\" \/>\n<meta property=\"article:modified_time\" content=\"2025-04-23T13:00:29+00:00\" \/>\n<meta name=\"twitter:card\" content=\"summary_large_image\" \/>\n<meta name=\"twitter:label1\" content=\"Est. reading time\">\n\t<meta name=\"twitter:data1\" content=\"1 minute\">\n<script type=\"application\/ld+json\" class=\"yoast-schema-graph\">{\"@context\":\"https:\/\/schema.org\",\"@graph\":[{\"@type\":\"WebSite\",\"@id\":\"https:\/\/www.titan-edge.com\/#website\",\"url\":\"https:\/\/www.titan-edge.com\/\",\"name\":\"TitanEdge\",\"description\":\"\",\"potentialAction\":[{\"@type\":\"SearchAction\",\"target\":\"https:\/\/www.titan-edge.com\/?s={search_term_string}\",\"query-input\":\"required name=search_term_string\"}],\"inLanguage\":\"sv-SE\"},{\"@type\":\"WebPage\",\"@id\":\"https:\/\/www.titan-edge.com\/sv\/trading-hours-and-holidays\/#webpage\",\"url\":\"https:\/\/www.titan-edge.com\/sv\/trading-hours-and-holidays\/\",\"name\":\"Handelstider och helgdagar | TitanEdge\",\"isPartOf\":{\"@id\":\"https:\/\/www.titan-edge.com\/#website\"},\"datePublished\":\"2023-02-10T12:29:18+00:00\",\"dateModified\":\"2025-04-23T13:00:29+00:00\",\"description\":\"Det \\u00e4r viktigt f\\u00f6r dig att veta n\\u00e4r marknaderna kommer att vara st\\u00e4ngda p\\u00e5 grund av nationella helgdagar. Du b\\u00f6r f\\u00f6rs\\u00f6ka planera dina aff\\u00e4rer i enlighet med detta!\",\"breadcrumb\":{\"@id\":\"https:\/\/www.titan-edge.com\/sv\/trading-hours-and-holidays\/#breadcrumb\"},\"inLanguage\":\"sv-SE\",\"potentialAction\":[{\"@type\":\"ReadAction\",\"target\":[\"https:\/\/www.titan-edge.com\/sv\/trading-hours-and-holidays\/\"]}]},{\"@type\":\"BreadcrumbList\",\"@id\":\"https:\/\/www.titan-edge.com\/sv\/trading-hours-and-holidays\/#breadcrumb\",\"itemListElement\":[{\"@type\":\"ListItem\",\"position\":1,\"item\":{\"@type\":\"WebPage\",\"@id\":\"\/sv\/\",\"url\":\"\/sv\/\",\"name\":\"Home\"}},{\"@type\":\"ListItem\",\"position\":2,\"item\":{\"@type\":\"WebPage\",\"@id\":\"\/sv\/trading-hours-and-holidays\/\",\"url\":\"\/sv\/trading-hours-and-holidays\/\",\"name\":\"Handelstider och helgdagar\"}}]}]}<\/script>\n<!-- \/ Yoast SEO plugin. -->","_links":{"self":[{"href":"https:\/\/www.titan-edge.com\/sv\/wp-json\/wp\/v2\/pages\/9573"}],"collection":[{"href":"https:\/\/www.titan-edge.com\/sv\/wp-json\/wp\/v2\/pages"}],"about":[{"href":"https:\/\/www.titan-edge.com\/sv\/wp-json\/wp\/v2\/types\/page"}],"author":[{"embeddable":true,"href":"https:\/\/www.titan-edge.com\/sv\/wp-json\/wp\/v2\/users\/19"}],"replies":[{"embeddable":true,"href":"https:\/\/www.titan-edge.com\/sv\/wp-json\/wp\/v2\/comments?post=9573"}],"version-history":[{"count":51,"href":"https:\/\/www.titan-edge.com\/sv\/wp-json\/wp\/v2\/pages\/9573\/revisions"}],"predecessor-version":[{"id":12643,"href":"https:\/\/www.titan-edge.com\/sv\/wp-json\/wp\/v2\/pages\/9573\/revisions\/12643"}],"wp:attachment":[{"href":"https:\/\/www.titan-edge.com\/sv\/wp-json\/wp\/v2\/media?parent=9573"}],"curies":[{"name":"wp","href":"https:\/\/api.w.org\/{rel}","templated":true}]}}