{"id":9527,"date":"2023-02-10T09:53:08","date_gmt":"2023-02-10T09:53:08","guid":{"rendered":"\/datum-for-overgang\/"},"modified":"2025-04-05T12:59:47","modified_gmt":"2025-04-05T12:59:47","slug":"rollover-dates","status":"publish","type":"page","link":"\/sv\/rollover-dates\/","title":{"rendered":"Datum f\u00f6r \u00f6verg\u00e5ng"},"content":{"rendered":"\n<p><\/p>\n\n\n\n<p><\/p>\n","protected":false},"excerpt":{"rendered":"","protected":false},"author":1,"featured_media":0,"parent":0,"menu_order":0,"comment_status":"closed","ping_status":"closed","template":"page-templates\/page-trading-conditions.php","meta":[],"yoast_head":"<!-- This site is optimized with the Yoast SEO plugin v15.9.1 - https:\/\/yoast.com\/wordpress\/plugins\/seo\/ -->\n<title>Datum f\u00f6r \u00f6verg\u00e5ng | TitanEdge<\/title>\n<meta name=\"description\" content=\"Rollover-datum \u00e4r en teknisk aspekt av handel som r\u00f6r terminskontrakt med utg\u00e5ngsdatum. Check them now on Titan-Edge.com\" \/>\n<link rel=\"canonical\" href=\"https:\/\/www.titan-edge.com\/sv\/rollover-dates\/\" \/>\n<meta property=\"og:locale\" content=\"sv_SE\" \/>\n<meta property=\"og:type\" content=\"article\" \/>\n<meta property=\"og:title\" content=\"Datum f\u00f6r \u00f6verg\u00e5ng | TitanEdge\" \/>\n<meta property=\"og:description\" content=\"Rollover-datum \u00e4r en teknisk aspekt av handel som r\u00f6r terminskontrakt med utg\u00e5ngsdatum. Check them now on Titan-Edge.com\" \/>\n<meta property=\"og:url\" content=\"\/sv\/rollover-dates\/\" \/>\n<meta property=\"og:site_name\" content=\"TitanEdge\" \/>\n<meta property=\"article:modified_time\" content=\"2025-04-05T12:59:47+00:00\" \/>\n<meta name=\"twitter:card\" content=\"summary_large_image\" \/>\n<script type=\"application\/ld+json\" class=\"yoast-schema-graph\">{\"@context\":\"https:\/\/schema.org\",\"@graph\":[{\"@type\":\"WebSite\",\"@id\":\"https:\/\/www.titan-edge.com\/#website\",\"url\":\"https:\/\/www.titan-edge.com\/\",\"name\":\"TitanEdge\",\"description\":\"\",\"potentialAction\":[{\"@type\":\"SearchAction\",\"target\":\"https:\/\/www.titan-edge.com\/?s={search_term_string}\",\"query-input\":\"required name=search_term_string\"}],\"inLanguage\":\"sv-SE\"},{\"@type\":\"WebPage\",\"@id\":\"https:\/\/www.titan-edge.com\/sv\/rollover-dates\/#webpage\",\"url\":\"https:\/\/www.titan-edge.com\/sv\/rollover-dates\/\",\"name\":\"Datum f\\u00f6r \\u00f6verg\\u00e5ng | TitanEdge\",\"isPartOf\":{\"@id\":\"https:\/\/www.titan-edge.com\/#website\"},\"datePublished\":\"2023-02-10T09:53:08+00:00\",\"dateModified\":\"2025-04-05T12:59:47+00:00\",\"description\":\"Rollover-datum \\u00e4r en teknisk aspekt av handel som r\\u00f6r terminskontrakt med utg\\u00e5ngsdatum. Check them now on Titan-Edge.com\",\"breadcrumb\":{\"@id\":\"https:\/\/www.titan-edge.com\/sv\/rollover-dates\/#breadcrumb\"},\"inLanguage\":\"sv-SE\",\"potentialAction\":[{\"@type\":\"ReadAction\",\"target\":[\"https:\/\/www.titan-edge.com\/sv\/rollover-dates\/\"]}]},{\"@type\":\"BreadcrumbList\",\"@id\":\"https:\/\/www.titan-edge.com\/sv\/rollover-dates\/#breadcrumb\",\"itemListElement\":[{\"@type\":\"ListItem\",\"position\":1,\"item\":{\"@type\":\"WebPage\",\"@id\":\"\/sv\/\",\"url\":\"\/sv\/\",\"name\":\"Home\"}},{\"@type\":\"ListItem\",\"position\":2,\"item\":{\"@type\":\"WebPage\",\"@id\":\"\/sv\/rollover-dates\/\",\"url\":\"\/sv\/rollover-dates\/\",\"name\":\"Datum f\\u00f6r \\u00f6verg\\u00e5ng\"}}]}]}<\/script>\n<!-- \/ Yoast SEO plugin. -->","_links":{"self":[{"href":"https:\/\/www.titan-edge.com\/sv\/wp-json\/wp\/v2\/pages\/9527"}],"collection":[{"href":"https:\/\/www.titan-edge.com\/sv\/wp-json\/wp\/v2\/pages"}],"about":[{"href":"https:\/\/www.titan-edge.com\/sv\/wp-json\/wp\/v2\/types\/page"}],"author":[{"embeddable":true,"href":"https:\/\/www.titan-edge.com\/sv\/wp-json\/wp\/v2\/users\/1"}],"replies":[{"embeddable":true,"href":"https:\/\/www.titan-edge.com\/sv\/wp-json\/wp\/v2\/comments?post=9527"}],"version-history":[{"count":13,"href":"https:\/\/www.titan-edge.com\/sv\/wp-json\/wp\/v2\/pages\/9527\/revisions"}],"predecessor-version":[{"id":12466,"href":"https:\/\/www.titan-edge.com\/sv\/wp-json\/wp\/v2\/pages\/9527\/revisions\/12466"}],"wp:attachment":[{"href":"https:\/\/www.titan-edge.com\/sv\/wp-json\/wp\/v2\/media?parent=9527"}],"curies":[{"name":"wp","href":"https:\/\/api.w.org\/{rel}","templated":true}]}}