{"id":9524,"date":"2023-02-10T09:22:44","date_gmt":"2023-02-10T09:22:44","guid":{"rendered":"\/ekonomisk-kalender\/"},"modified":"2025-04-05T09:58:13","modified_gmt":"2025-04-05T09:58:13","slug":"economic-calendar","status":"publish","type":"page","link":"\/sv\/economic-calendar\/","title":{"rendered":"Ekonomisk kalender"},"content":{"rendered":"\n<h2 class=\"page-default__title\"><\/h2>\n\n\n\n<p><\/p>\n\n\n\n<ngp-economic-calendar><\/ngp-economic-calendar>\n","protected":false},"excerpt":{"rendered":"","protected":false},"author":1,"featured_media":0,"parent":0,"menu_order":0,"comment_status":"closed","ping_status":"closed","template":"page-templates\/page-economic-calendar.php","meta":[],"yoast_head":"<!-- This site is optimized with the Yoast SEO plugin v15.9.1 - https:\/\/yoast.com\/wordpress\/plugins\/seo\/ -->\n<title>Ekonomisk kalender | TitanEdge<\/title>\n<meta name=\"description\" content=\"Se v\u00e5r snabba uppdatering och intelligenta finansiella tidsplan f\u00f6r viktiga tillf\u00e4llen och leveranser som p\u00e5verkar forex-, aktie- och kryptomarknaderna.\" \/>\n<link rel=\"canonical\" href=\"https:\/\/www.titan-edge.com\/sv\/economic-calendar\/\" \/>\n<meta property=\"og:locale\" content=\"sv_SE\" \/>\n<meta property=\"og:type\" content=\"article\" \/>\n<meta property=\"og:title\" content=\"Ekonomisk kalender | TitanEdge\" \/>\n<meta property=\"og:description\" content=\"Se v\u00e5r snabba uppdatering och intelligenta finansiella tidsplan f\u00f6r viktiga tillf\u00e4llen och leveranser som p\u00e5verkar forex-, aktie- och kryptomarknaderna.\" \/>\n<meta property=\"og:url\" content=\"\/sv\/economic-calendar\/\" \/>\n<meta property=\"og:site_name\" content=\"TitanEdge\" \/>\n<meta property=\"article:modified_time\" content=\"2025-04-05T09:58:13+00:00\" \/>\n<meta name=\"twitter:card\" content=\"summary_large_image\" \/>\n<script type=\"application\/ld+json\" class=\"yoast-schema-graph\">{\"@context\":\"https:\/\/schema.org\",\"@graph\":[{\"@type\":\"WebSite\",\"@id\":\"https:\/\/www.titan-edge.com\/#website\",\"url\":\"https:\/\/www.titan-edge.com\/\",\"name\":\"TitanEdge\",\"description\":\"\",\"potentialAction\":[{\"@type\":\"SearchAction\",\"target\":\"https:\/\/www.titan-edge.com\/?s={search_term_string}\",\"query-input\":\"required name=search_term_string\"}],\"inLanguage\":\"sv-SE\"},{\"@type\":\"WebPage\",\"@id\":\"https:\/\/www.titan-edge.com\/sv\/economic-calendar\/#webpage\",\"url\":\"https:\/\/www.titan-edge.com\/sv\/economic-calendar\/\",\"name\":\"Ekonomisk kalender | TitanEdge\",\"isPartOf\":{\"@id\":\"https:\/\/www.titan-edge.com\/#website\"},\"datePublished\":\"2023-02-10T09:22:44+00:00\",\"dateModified\":\"2025-04-05T09:58:13+00:00\",\"description\":\"Se v\\u00e5r snabba uppdatering och intelligenta finansiella tidsplan f\\u00f6r viktiga tillf\\u00e4llen och leveranser som p\\u00e5verkar forex-, aktie- och kryptomarknaderna.\",\"breadcrumb\":{\"@id\":\"https:\/\/www.titan-edge.com\/sv\/economic-calendar\/#breadcrumb\"},\"inLanguage\":\"sv-SE\",\"potentialAction\":[{\"@type\":\"ReadAction\",\"target\":[\"https:\/\/www.titan-edge.com\/sv\/economic-calendar\/\"]}]},{\"@type\":\"BreadcrumbList\",\"@id\":\"https:\/\/www.titan-edge.com\/sv\/economic-calendar\/#breadcrumb\",\"itemListElement\":[{\"@type\":\"ListItem\",\"position\":1,\"item\":{\"@type\":\"WebPage\",\"@id\":\"\/sv\/\",\"url\":\"\/sv\/\",\"name\":\"Home\"}},{\"@type\":\"ListItem\",\"position\":2,\"item\":{\"@type\":\"WebPage\",\"@id\":\"\/sv\/economic-calendar\/\",\"url\":\"\/sv\/economic-calendar\/\",\"name\":\"Ekonomisk kalender\"}}]}]}<\/script>\n<!-- \/ Yoast SEO plugin. -->","_links":{"self":[{"href":"https:\/\/www.titan-edge.com\/sv\/wp-json\/wp\/v2\/pages\/9524"}],"collection":[{"href":"https:\/\/www.titan-edge.com\/sv\/wp-json\/wp\/v2\/pages"}],"about":[{"href":"https:\/\/www.titan-edge.com\/sv\/wp-json\/wp\/v2\/types\/page"}],"author":[{"embeddable":true,"href":"https:\/\/www.titan-edge.com\/sv\/wp-json\/wp\/v2\/users\/1"}],"replies":[{"embeddable":true,"href":"https:\/\/www.titan-edge.com\/sv\/wp-json\/wp\/v2\/comments?post=9524"}],"version-history":[{"count":5,"href":"https:\/\/www.titan-edge.com\/sv\/wp-json\/wp\/v2\/pages\/9524\/revisions"}],"predecessor-version":[{"id":10192,"href":"https:\/\/www.titan-edge.com\/sv\/wp-json\/wp\/v2\/pages\/9524\/revisions\/10192"}],"wp:attachment":[{"href":"https:\/\/www.titan-edge.com\/sv\/wp-json\/wp\/v2\/media?parent=9524"}],"curies":[{"name":"wp","href":"https:\/\/api.w.org\/{rel}","templated":true}]}}