{"id":9508,"date":"2023-02-10T07:43:27","date_gmt":"2023-02-10T07:43:27","guid":{"rendered":"\/kontotyper\/"},"modified":"2025-04-05T12:53:57","modified_gmt":"2025-04-05T12:53:57","slug":"account-types","status":"publish","type":"page","link":"\/sv\/account-types\/","title":{"rendered":"Kontotyper"},"content":{"rendered":"","protected":false},"excerpt":{"rendered":"","protected":false},"author":1,"featured_media":0,"parent":0,"menu_order":0,"comment_status":"closed","ping_status":"closed","template":"page-templates\/page-account-types.php","meta":[],"yoast_head":"<!-- This site is optimized with the Yoast SEO plugin v15.9.1 - https:\/\/yoast.com\/wordpress\/plugins\/seo\/ -->\n<title>Kontotyper | TitanEdge<\/title>\n<meta name=\"description\" content=\"TitanEdge erbjuder olika niv\u00e5er av handelskonton, f\u00f6r nyb\u00f6rjare och proffskunder h\u00e4vst\u00e5ngseffekt baserat p\u00e5 din handelsvolym och storleken p\u00e5 dina investeringar\" \/>\n<link rel=\"canonical\" href=\"https:\/\/www.titan-edge.com\/sv\/account-types\/\" \/>\n<meta property=\"og:locale\" content=\"sv_SE\" \/>\n<meta property=\"og:type\" content=\"article\" \/>\n<meta property=\"og:title\" content=\"Kontotyper | TitanEdge\" \/>\n<meta property=\"og:description\" content=\"TitanEdge erbjuder olika niv\u00e5er av handelskonton, f\u00f6r nyb\u00f6rjare och proffskunder h\u00e4vst\u00e5ngseffekt baserat p\u00e5 din handelsvolym och storleken p\u00e5 dina investeringar\" \/>\n<meta property=\"og:url\" content=\"\/sv\/account-types\/\" \/>\n<meta property=\"og:site_name\" content=\"TitanEdge\" \/>\n<meta property=\"article:modified_time\" content=\"2025-04-05T12:53:57+00:00\" \/>\n<meta name=\"twitter:card\" content=\"summary_large_image\" \/>\n<script type=\"application\/ld+json\" class=\"yoast-schema-graph\">{\"@context\":\"https:\/\/schema.org\",\"@graph\":[{\"@type\":\"WebSite\",\"@id\":\"https:\/\/www.titan-edge.com\/#website\",\"url\":\"https:\/\/www.titan-edge.com\/\",\"name\":\"TitanEdge\",\"description\":\"\",\"potentialAction\":[{\"@type\":\"SearchAction\",\"target\":\"https:\/\/www.titan-edge.com\/?s={search_term_string}\",\"query-input\":\"required name=search_term_string\"}],\"inLanguage\":\"sv-SE\"},{\"@type\":\"WebPage\",\"@id\":\"https:\/\/www.titan-edge.com\/sv\/account-types\/#webpage\",\"url\":\"https:\/\/www.titan-edge.com\/sv\/account-types\/\",\"name\":\"Kontotyper | TitanEdge\",\"isPartOf\":{\"@id\":\"https:\/\/www.titan-edge.com\/#website\"},\"datePublished\":\"2023-02-10T07:43:27+00:00\",\"dateModified\":\"2025-04-05T12:53:57+00:00\",\"description\":\"TitanEdge erbjuder olika niv\\u00e5er av handelskonton, f\\u00f6r nyb\\u00f6rjare och proffskunder h\\u00e4vst\\u00e5ngseffekt baserat p\\u00e5 din handelsvolym och storleken p\\u00e5 dina investeringar\",\"breadcrumb\":{\"@id\":\"https:\/\/www.titan-edge.com\/sv\/account-types\/#breadcrumb\"},\"inLanguage\":\"sv-SE\",\"potentialAction\":[{\"@type\":\"ReadAction\",\"target\":[\"https:\/\/www.titan-edge.com\/sv\/account-types\/\"]}]},{\"@type\":\"BreadcrumbList\",\"@id\":\"https:\/\/www.titan-edge.com\/sv\/account-types\/#breadcrumb\",\"itemListElement\":[{\"@type\":\"ListItem\",\"position\":1,\"item\":{\"@type\":\"WebPage\",\"@id\":\"\/sv\/\",\"url\":\"\/sv\/\",\"name\":\"Home\"}},{\"@type\":\"ListItem\",\"position\":2,\"item\":{\"@type\":\"WebPage\",\"@id\":\"\/sv\/account-types\/\",\"url\":\"\/sv\/account-types\/\",\"name\":\"Kontotyper\"}}]}]}<\/script>\n<!-- \/ Yoast SEO plugin. -->","_links":{"self":[{"href":"https:\/\/www.titan-edge.com\/sv\/wp-json\/wp\/v2\/pages\/9508"}],"collection":[{"href":"https:\/\/www.titan-edge.com\/sv\/wp-json\/wp\/v2\/pages"}],"about":[{"href":"https:\/\/www.titan-edge.com\/sv\/wp-json\/wp\/v2\/types\/page"}],"author":[{"embeddable":true,"href":"https:\/\/www.titan-edge.com\/sv\/wp-json\/wp\/v2\/users\/1"}],"replies":[{"embeddable":true,"href":"https:\/\/www.titan-edge.com\/sv\/wp-json\/wp\/v2\/comments?post=9508"}],"version-history":[{"count":6,"href":"https:\/\/www.titan-edge.com\/sv\/wp-json\/wp\/v2\/pages\/9508\/revisions"}],"predecessor-version":[{"id":12457,"href":"https:\/\/www.titan-edge.com\/sv\/wp-json\/wp\/v2\/pages\/9508\/revisions\/12457"}],"wp:attachment":[{"href":"https:\/\/www.titan-edge.com\/sv\/wp-json\/wp\/v2\/media?parent=9508"}],"curies":[{"name":"wp","href":"https:\/\/api.w.org\/{rel}","templated":true}]}}