{"id":9489,"date":"2023-02-09T13:51:47","date_gmt":"2023-02-09T13:51:47","guid":{"rendered":"\/varfor-tradeeu\/"},"modified":"2025-04-05T12:49:07","modified_gmt":"2025-04-05T12:49:07","slug":"why-titanedge","status":"publish","type":"page","link":"\/sv\/why-titanedge\/","title":{"rendered":"Varf\u00f6r TitanEdge?"},"content":{"rendered":"","protected":false},"excerpt":{"rendered":"","protected":false},"author":1,"featured_media":0,"parent":0,"menu_order":0,"comment_status":"closed","ping_status":"closed","template":"page-templates\/page-why.php","meta":[],"yoast_head":"<!-- This site is optimized with the Yoast SEO plugin v15.9.1 - https:\/\/yoast.com\/wordpress\/plugins\/seo\/ -->\n<title>Varf\u00f6r v\u00e4lja TitanEdge: F\u00f6rdelarna med TitanEdge-plattformen<\/title>\n<meta name=\"description\" content=\"L\u00e5ga kostnader och provisioner, omedelbara riskportf\u00f6ljer, en scen med flera resurser \u00e4r bara en del av anledningarna till att handlare v\u00e4ljer TitanEdge.\" \/>\n<link rel=\"canonical\" href=\"https:\/\/www.titan-edge.com\/sv\/why-titanedge\/\" \/>\n<meta property=\"og:locale\" content=\"sv_SE\" \/>\n<meta property=\"og:type\" content=\"article\" \/>\n<meta property=\"og:title\" content=\"Varf\u00f6r v\u00e4lja TitanEdge: F\u00f6rdelarna med TitanEdge-plattformen\" \/>\n<meta property=\"og:description\" content=\"L\u00e5ga kostnader och provisioner, omedelbara riskportf\u00f6ljer, en scen med flera resurser \u00e4r bara en del av anledningarna till att handlare v\u00e4ljer TitanEdge.\" \/>\n<meta property=\"og:url\" content=\"\/sv\/why-titanedge\/\" \/>\n<meta property=\"og:site_name\" content=\"TitanEdge\" \/>\n<meta property=\"article:modified_time\" content=\"2025-04-05T12:49:07+00:00\" \/>\n<meta name=\"twitter:card\" content=\"summary_large_image\" \/>\n<script type=\"application\/ld+json\" class=\"yoast-schema-graph\">{\"@context\":\"https:\/\/schema.org\",\"@graph\":[{\"@type\":\"WebSite\",\"@id\":\"https:\/\/www.titan-edge.com\/#website\",\"url\":\"https:\/\/www.titan-edge.com\/\",\"name\":\"TitanEdge\",\"description\":\"\",\"potentialAction\":[{\"@type\":\"SearchAction\",\"target\":\"https:\/\/www.titan-edge.com\/?s={search_term_string}\",\"query-input\":\"required name=search_term_string\"}],\"inLanguage\":\"sv-SE\"},{\"@type\":\"WebPage\",\"@id\":\"https:\/\/www.titan-edge.com\/sv\/why-titanedge\/#webpage\",\"url\":\"https:\/\/www.titan-edge.com\/sv\/why-titanedge\/\",\"name\":\"Varf\\u00f6r v\\u00e4lja TitanEdge: F\\u00f6rdelarna med TitanEdge-plattformen\",\"isPartOf\":{\"@id\":\"https:\/\/www.titan-edge.com\/#website\"},\"datePublished\":\"2023-02-09T13:51:47+00:00\",\"dateModified\":\"2025-04-05T12:49:07+00:00\",\"description\":\"L\\u00e5ga kostnader och provisioner, omedelbara riskportf\\u00f6ljer, en scen med flera resurser \\u00e4r bara en del av anledningarna till att handlare v\\u00e4ljer TitanEdge.\",\"breadcrumb\":{\"@id\":\"https:\/\/www.titan-edge.com\/sv\/why-titanedge\/#breadcrumb\"},\"inLanguage\":\"sv-SE\",\"potentialAction\":[{\"@type\":\"ReadAction\",\"target\":[\"https:\/\/www.titan-edge.com\/sv\/why-titanedge\/\"]}]},{\"@type\":\"BreadcrumbList\",\"@id\":\"https:\/\/www.titan-edge.com\/sv\/why-titanedge\/#breadcrumb\",\"itemListElement\":[{\"@type\":\"ListItem\",\"position\":1,\"item\":{\"@type\":\"WebPage\",\"@id\":\"\/sv\/\",\"url\":\"\/sv\/\",\"name\":\"Home\"}},{\"@type\":\"ListItem\",\"position\":2,\"item\":{\"@type\":\"WebPage\",\"@id\":\"\/sv\/why-titanedge\/\",\"url\":\"\/sv\/why-titanedge\/\",\"name\":\"Varf\\u00f6r TitanEdge?\"}}]}]}<\/script>\n<!-- \/ Yoast SEO plugin. -->","_links":{"self":[{"href":"https:\/\/www.titan-edge.com\/sv\/wp-json\/wp\/v2\/pages\/9489"}],"collection":[{"href":"https:\/\/www.titan-edge.com\/sv\/wp-json\/wp\/v2\/pages"}],"about":[{"href":"https:\/\/www.titan-edge.com\/sv\/wp-json\/wp\/v2\/types\/page"}],"author":[{"embeddable":true,"href":"https:\/\/www.titan-edge.com\/sv\/wp-json\/wp\/v2\/users\/1"}],"replies":[{"embeddable":true,"href":"https:\/\/www.titan-edge.com\/sv\/wp-json\/wp\/v2\/comments?post=9489"}],"version-history":[{"count":4,"href":"https:\/\/www.titan-edge.com\/sv\/wp-json\/wp\/v2\/pages\/9489\/revisions"}],"predecessor-version":[{"id":12373,"href":"https:\/\/www.titan-edge.com\/sv\/wp-json\/wp\/v2\/pages\/9489\/revisions\/12373"}],"wp:attachment":[{"href":"https:\/\/www.titan-edge.com\/sv\/wp-json\/wp\/v2\/media?parent=9489"}],"curies":[{"name":"wp","href":"https:\/\/api.w.org\/{rel}","templated":true}]}}