{"id":9454,"date":"2023-02-09T13:33:17","date_gmt":"2023-02-09T13:33:17","guid":{"rendered":"\/om-oss\/"},"modified":"2025-04-05T12:53:03","modified_gmt":"2025-04-05T12:53:03","slug":"about-us","status":"publish","type":"page","link":"\/sv\/about-us\/","title":{"rendered":"Om oss"},"content":{"rendered":"","protected":false},"excerpt":{"rendered":"","protected":false},"author":1,"featured_media":0,"parent":0,"menu_order":0,"comment_status":"closed","ping_status":"closed","template":"page-templates\/page-about-us.php","meta":[],"yoast_head":"<!-- This site is optimized with the Yoast SEO plugin v15.9.1 - https:\/\/yoast.com\/wordpress\/plugins\/seo\/ -->\n<title>Om oss | TitanEdge - f\u00e5 enkel tillg\u00e5ng till globala marknader<\/title>\n<meta name=\"description\" content=\"TitanEdge \u00e4r den prim\u00e4ra globala m\u00e4klaren f\u00f6r privatpersoner som vill handla CFD:er p\u00e5 valutor, krypto och index online p\u00e5 ett enkelt, okomplicerat och trevligare s\u00e4tt.\" \/>\n<link rel=\"canonical\" href=\"https:\/\/www.titan-edge.com\/sv\/about-us\/\" \/>\n<meta property=\"og:locale\" content=\"sv_SE\" \/>\n<meta property=\"og:type\" content=\"article\" \/>\n<meta property=\"og:title\" content=\"Om oss | TitanEdge - f\u00e5 enkel tillg\u00e5ng till globala marknader\" \/>\n<meta property=\"og:description\" content=\"TitanEdge \u00e4r den prim\u00e4ra globala m\u00e4klaren f\u00f6r privatpersoner som vill handla CFD:er p\u00e5 valutor, krypto och index online p\u00e5 ett enkelt, okomplicerat och trevligare s\u00e4tt.\" \/>\n<meta property=\"og:url\" content=\"\/sv\/about-us\/\" \/>\n<meta property=\"og:site_name\" content=\"TitanEdge\" \/>\n<meta property=\"article:modified_time\" content=\"2025-04-05T12:53:03+00:00\" \/>\n<meta name=\"twitter:card\" content=\"summary_large_image\" \/>\n<script type=\"application\/ld+json\" class=\"yoast-schema-graph\">{\"@context\":\"https:\/\/schema.org\",\"@graph\":[{\"@type\":\"WebSite\",\"@id\":\"https:\/\/www.titan-edge.com\/#website\",\"url\":\"https:\/\/www.titan-edge.com\/\",\"name\":\"TitanEdge\",\"description\":\"\",\"potentialAction\":[{\"@type\":\"SearchAction\",\"target\":\"https:\/\/www.titan-edge.com\/?s={search_term_string}\",\"query-input\":\"required name=search_term_string\"}],\"inLanguage\":\"sv-SE\"},{\"@type\":\"WebPage\",\"@id\":\"https:\/\/www.titan-edge.com\/sv\/about-us\/#webpage\",\"url\":\"https:\/\/www.titan-edge.com\/sv\/about-us\/\",\"name\":\"Om oss | TitanEdge - f\\u00e5 enkel tillg\\u00e5ng till globala marknader\",\"isPartOf\":{\"@id\":\"https:\/\/www.titan-edge.com\/#website\"},\"datePublished\":\"2023-02-09T13:33:17+00:00\",\"dateModified\":\"2025-04-05T12:53:03+00:00\",\"description\":\"TitanEdge \\u00e4r den prim\\u00e4ra globala m\\u00e4klaren f\\u00f6r privatpersoner som vill handla CFD:er p\\u00e5 valutor, krypto och index online p\\u00e5 ett enkelt, okomplicerat och trevligare s\\u00e4tt.\",\"breadcrumb\":{\"@id\":\"https:\/\/www.titan-edge.com\/sv\/about-us\/#breadcrumb\"},\"inLanguage\":\"sv-SE\",\"potentialAction\":[{\"@type\":\"ReadAction\",\"target\":[\"https:\/\/www.titan-edge.com\/sv\/about-us\/\"]}]},{\"@type\":\"BreadcrumbList\",\"@id\":\"https:\/\/www.titan-edge.com\/sv\/about-us\/#breadcrumb\",\"itemListElement\":[{\"@type\":\"ListItem\",\"position\":1,\"item\":{\"@type\":\"WebPage\",\"@id\":\"\/sv\/\",\"url\":\"\/sv\/\",\"name\":\"Home\"}},{\"@type\":\"ListItem\",\"position\":2,\"item\":{\"@type\":\"WebPage\",\"@id\":\"\/sv\/about-us\/\",\"url\":\"\/sv\/about-us\/\",\"name\":\"Om oss\"}}]}]}<\/script>\n<!-- \/ Yoast SEO plugin. -->","_links":{"self":[{"href":"https:\/\/www.titan-edge.com\/sv\/wp-json\/wp\/v2\/pages\/9454"}],"collection":[{"href":"https:\/\/www.titan-edge.com\/sv\/wp-json\/wp\/v2\/pages"}],"about":[{"href":"https:\/\/www.titan-edge.com\/sv\/wp-json\/wp\/v2\/types\/page"}],"author":[{"embeddable":true,"href":"https:\/\/www.titan-edge.com\/sv\/wp-json\/wp\/v2\/users\/1"}],"replies":[{"embeddable":true,"href":"https:\/\/www.titan-edge.com\/sv\/wp-json\/wp\/v2\/comments?post=9454"}],"version-history":[{"count":5,"href":"https:\/\/www.titan-edge.com\/sv\/wp-json\/wp\/v2\/pages\/9454\/revisions"}],"predecessor-version":[{"id":12456,"href":"https:\/\/www.titan-edge.com\/sv\/wp-json\/wp\/v2\/pages\/9454\/revisions\/12456"}],"wp:attachment":[{"href":"https:\/\/www.titan-edge.com\/sv\/wp-json\/wp\/v2\/media?parent=9454"}],"curies":[{"name":"wp","href":"https:\/\/api.w.org\/{rel}","templated":true}]}}