{"id":7975,"date":"2022-10-12T12:21:49","date_gmt":"2022-10-12T12:21:49","guid":{"rendered":"\/faq\/"},"modified":"2025-04-05T10:43:43","modified_gmt":"2025-04-05T10:43:43","slug":"knowledge-center-faq","status":"publish","type":"page","link":"\/pt-pt\/knowledge-center-faq\/","title":{"rendered":"FAQ"},"content":{"rendered":"","protected":false},"excerpt":{"rendered":"","protected":false},"author":1,"featured_media":0,"parent":0,"menu_order":0,"comment_status":"closed","ping_status":"closed","template":"page-templates\/page-knowledge-center-faq.php","meta":[],"yoast_head":"<!-- This site is optimized with the Yoast SEO plugin v15.9.1 - https:\/\/yoast.com\/wordpress\/plugins\/seo\/ -->\n<title>FAQ | TitanEdge<\/title>\n<meta name=\"description\" content=\"Tem alguma pergunta? Tem alguma d\u00favida? Consulte a nossa p\u00e1gina de Perguntas Frequentes, onde poder\u00e1 encontrar a sua resposta.\" \/>\n<link rel=\"canonical\" href=\"https:\/\/www.titan-edge.com\/pt-pt\/knowledge-center-faq\/\" \/>\n<meta property=\"og:locale\" content=\"pt_PT\" \/>\n<meta property=\"og:type\" content=\"article\" \/>\n<meta property=\"og:title\" content=\"FAQ | TitanEdge\" \/>\n<meta property=\"og:description\" content=\"Tem alguma pergunta? Tem alguma d\u00favida? Consulte a nossa p\u00e1gina de Perguntas Frequentes, onde poder\u00e1 encontrar a sua resposta.\" \/>\n<meta property=\"og:url\" content=\"\/pt-pt\/knowledge-center-faq\/\" \/>\n<meta property=\"og:site_name\" content=\"TitanEdge\" \/>\n<meta property=\"article:modified_time\" content=\"2025-04-05T10:43:43+00:00\" \/>\n<meta property=\"og:image\" content=\"https:\/\/multisite-wp-uploads.titan-edge.com\/tradeeu\/wp-content\/uploads\/2022\/11\/01133623\/2.png\" \/>\n\t<meta property=\"og:image:width\" content=\"1183\" \/>\n\t<meta property=\"og:image:height\" content=\"626\" \/>\n<meta name=\"twitter:card\" content=\"summary_large_image\" \/>\n<script type=\"application\/ld+json\" class=\"yoast-schema-graph\">{\"@context\":\"https:\/\/schema.org\",\"@graph\":[{\"@type\":\"WebSite\",\"@id\":\"https:\/\/www.titan-edge.com\/#website\",\"url\":\"https:\/\/www.titan-edge.com\/\",\"name\":\"TitanEdge\",\"description\":\"\",\"potentialAction\":[{\"@type\":\"SearchAction\",\"target\":\"https:\/\/www.titan-edge.com\/?s={search_term_string}\",\"query-input\":\"required name=search_term_string\"}],\"inLanguage\":\"pt\"},{\"@type\":\"WebPage\",\"@id\":\"https:\/\/www.titan-edge.com\/pt-pt\/knowledge-center-faq\/#webpage\",\"url\":\"https:\/\/www.titan-edge.com\/pt-pt\/knowledge-center-faq\/\",\"name\":\"FAQ | TitanEdge\",\"isPartOf\":{\"@id\":\"https:\/\/www.titan-edge.com\/#website\"},\"datePublished\":\"2022-10-12T12:21:49+00:00\",\"dateModified\":\"2025-04-05T10:43:43+00:00\",\"description\":\"Tem alguma pergunta? Tem alguma d\\u00favida? Consulte a nossa p\\u00e1gina de Perguntas Frequentes, onde poder\\u00e1 encontrar a sua resposta.\",\"breadcrumb\":{\"@id\":\"https:\/\/www.titan-edge.com\/pt-pt\/knowledge-center-faq\/#breadcrumb\"},\"inLanguage\":\"pt\",\"potentialAction\":[{\"@type\":\"ReadAction\",\"target\":[\"https:\/\/www.titan-edge.com\/pt-pt\/knowledge-center-faq\/\"]}]},{\"@type\":\"BreadcrumbList\",\"@id\":\"https:\/\/www.titan-edge.com\/pt-pt\/knowledge-center-faq\/#breadcrumb\",\"itemListElement\":[{\"@type\":\"ListItem\",\"position\":1,\"item\":{\"@type\":\"WebPage\",\"@id\":\"\/pt-pt\/\",\"url\":\"\/pt-pt\/\",\"name\":\"Home\"}},{\"@type\":\"ListItem\",\"position\":2,\"item\":{\"@type\":\"WebPage\",\"@id\":\"\/pt-pt\/knowledge-center-faq\/\",\"url\":\"\/pt-pt\/knowledge-center-faq\/\",\"name\":\"FAQ\"}}]}]}<\/script>\n<!-- \/ Yoast SEO plugin. -->","_links":{"self":[{"href":"https:\/\/www.titan-edge.com\/pt-pt\/wp-json\/wp\/v2\/pages\/7975"}],"collection":[{"href":"https:\/\/www.titan-edge.com\/pt-pt\/wp-json\/wp\/v2\/pages"}],"about":[{"href":"https:\/\/www.titan-edge.com\/pt-pt\/wp-json\/wp\/v2\/types\/page"}],"author":[{"embeddable":true,"href":"https:\/\/www.titan-edge.com\/pt-pt\/wp-json\/wp\/v2\/users\/1"}],"replies":[{"embeddable":true,"href":"https:\/\/www.titan-edge.com\/pt-pt\/wp-json\/wp\/v2\/comments?post=7975"}],"version-history":[{"count":14,"href":"https:\/\/www.titan-edge.com\/pt-pt\/wp-json\/wp\/v2\/pages\/7975\/revisions"}],"predecessor-version":[{"id":12415,"href":"https:\/\/www.titan-edge.com\/pt-pt\/wp-json\/wp\/v2\/pages\/7975\/revisions\/12415"}],"wp:attachment":[{"href":"https:\/\/www.titan-edge.com\/pt-pt\/wp-json\/wp\/v2\/media?parent=7975"}],"curies":[{"name":"wp","href":"https:\/\/api.w.org\/{rel}","templated":true}]}}