{"id":7902,"date":"2022-10-11T11:53:31","date_gmt":"2022-10-11T11:53:31","guid":{"rendered":"\/calendario-economico\/"},"modified":"2025-04-05T09:57:41","modified_gmt":"2025-04-05T09:57:41","slug":"economic-calendar","status":"publish","type":"page","link":"\/pt-pt\/economic-calendar\/","title":{"rendered":"Calend\u00e1rio Econ\u00f3mico"},"content":{"rendered":"\n<h2 class=\"page-default__title\"><\/h2>\n\n\n\n<p><\/p>\n\n\n\n<ngp-economic-calendar><\/ngp-economic-calendar>\n","protected":false},"excerpt":{"rendered":"","protected":false},"author":1,"featured_media":0,"parent":0,"menu_order":0,"comment_status":"closed","ping_status":"closed","template":"page-templates\/page-economic-calendar.php","meta":[],"yoast_head":"<!-- This site is optimized with the Yoast SEO plugin v15.9.1 - https:\/\/yoast.com\/wordpress\/plugins\/seo\/ -->\n<title>Calend\u00e1rio Econ\u00f3mico | TitanEdge<\/title>\n<meta name=\"description\" content=\"Veja o nosso calend\u00e1rio financeiro r\u00e1pido e inteligente para ocasi\u00f5es e entregas significativas que influenciam os mercados do forex, de a\u00e7\u00f5es e de criptomoedas.\" \/>\n<link rel=\"canonical\" href=\"https:\/\/www.titan-edge.com\/pt-pt\/economic-calendar\/\" \/>\n<meta property=\"og:locale\" content=\"pt_PT\" \/>\n<meta property=\"og:type\" content=\"article\" \/>\n<meta property=\"og:title\" content=\"Calend\u00e1rio Econ\u00f3mico | TitanEdge\" \/>\n<meta property=\"og:description\" content=\"Veja o nosso calend\u00e1rio financeiro r\u00e1pido e inteligente para ocasi\u00f5es e entregas significativas que influenciam os mercados do forex, de a\u00e7\u00f5es e de criptomoedas.\" \/>\n<meta property=\"og:url\" content=\"\/pt-pt\/economic-calendar\/\" \/>\n<meta property=\"og:site_name\" content=\"TitanEdge\" \/>\n<meta property=\"article:modified_time\" content=\"2025-04-05T09:57:41+00:00\" \/>\n<meta property=\"og:image\" content=\"https:\/\/multisite-wp-uploads.titan-edge.com\/tradeeu\/wp-content\/uploads\/2022\/11\/01133623\/2.png\" \/>\n\t<meta property=\"og:image:width\" content=\"1183\" \/>\n\t<meta property=\"og:image:height\" content=\"626\" \/>\n<meta name=\"twitter:card\" content=\"summary_large_image\" \/>\n<script type=\"application\/ld+json\" class=\"yoast-schema-graph\">{\"@context\":\"https:\/\/schema.org\",\"@graph\":[{\"@type\":\"WebSite\",\"@id\":\"https:\/\/www.titan-edge.com\/#website\",\"url\":\"https:\/\/www.titan-edge.com\/\",\"name\":\"TitanEdge\",\"description\":\"\",\"potentialAction\":[{\"@type\":\"SearchAction\",\"target\":\"https:\/\/www.titan-edge.com\/?s={search_term_string}\",\"query-input\":\"required name=search_term_string\"}],\"inLanguage\":\"pt\"},{\"@type\":\"WebPage\",\"@id\":\"https:\/\/www.titan-edge.com\/pt-pt\/economic-calendar\/#webpage\",\"url\":\"https:\/\/www.titan-edge.com\/pt-pt\/economic-calendar\/\",\"name\":\"Calend\\u00e1rio Econ\\u00f3mico | TitanEdge\",\"isPartOf\":{\"@id\":\"https:\/\/www.titan-edge.com\/#website\"},\"datePublished\":\"2022-10-11T11:53:31+00:00\",\"dateModified\":\"2025-04-05T09:57:41+00:00\",\"description\":\"Veja o nosso calend\\u00e1rio financeiro r\\u00e1pido e inteligente para ocasi\\u00f5es e entregas significativas que influenciam os mercados do forex, de a\\u00e7\\u00f5es e de criptomoedas.\",\"breadcrumb\":{\"@id\":\"https:\/\/www.titan-edge.com\/pt-pt\/economic-calendar\/#breadcrumb\"},\"inLanguage\":\"pt\",\"potentialAction\":[{\"@type\":\"ReadAction\",\"target\":[\"https:\/\/www.titan-edge.com\/pt-pt\/economic-calendar\/\"]}]},{\"@type\":\"BreadcrumbList\",\"@id\":\"https:\/\/www.titan-edge.com\/pt-pt\/economic-calendar\/#breadcrumb\",\"itemListElement\":[{\"@type\":\"ListItem\",\"position\":1,\"item\":{\"@type\":\"WebPage\",\"@id\":\"\/pt-pt\/\",\"url\":\"\/pt-pt\/\",\"name\":\"Home\"}},{\"@type\":\"ListItem\",\"position\":2,\"item\":{\"@type\":\"WebPage\",\"@id\":\"\/pt-pt\/economic-calendar\/\",\"url\":\"\/pt-pt\/economic-calendar\/\",\"name\":\"Calend\\u00e1rio Econ\\u00f3mico\"}}]}]}<\/script>\n<!-- \/ Yoast SEO plugin. -->","_links":{"self":[{"href":"https:\/\/www.titan-edge.com\/pt-pt\/wp-json\/wp\/v2\/pages\/7902"}],"collection":[{"href":"https:\/\/www.titan-edge.com\/pt-pt\/wp-json\/wp\/v2\/pages"}],"about":[{"href":"https:\/\/www.titan-edge.com\/pt-pt\/wp-json\/wp\/v2\/types\/page"}],"author":[{"embeddable":true,"href":"https:\/\/www.titan-edge.com\/pt-pt\/wp-json\/wp\/v2\/users\/1"}],"replies":[{"embeddable":true,"href":"https:\/\/www.titan-edge.com\/pt-pt\/wp-json\/wp\/v2\/comments?post=7902"}],"version-history":[{"count":7,"href":"https:\/\/www.titan-edge.com\/pt-pt\/wp-json\/wp\/v2\/pages\/7902\/revisions"}],"predecessor-version":[{"id":10191,"href":"https:\/\/www.titan-edge.com\/pt-pt\/wp-json\/wp\/v2\/pages\/7902\/revisions\/10191"}],"wp:attachment":[{"href":"https:\/\/www.titan-edge.com\/pt-pt\/wp-json\/wp\/v2\/media?parent=7902"}],"curies":[{"name":"wp","href":"https:\/\/api.w.org\/{rel}","templated":true}]}}