{"id":7898,"date":"2022-10-11T11:40:56","date_gmt":"2022-10-11T11:40:56","guid":{"rendered":"\/horas-de-negociacao-e-feriados\/"},"modified":"2025-04-23T12:51:17","modified_gmt":"2025-04-23T12:51:17","slug":"trading-hours-and-holidays","status":"publish","type":"page","link":"\/pt-pt\/trading-hours-and-holidays\/","title":{"rendered":"Horas de Negocia\u00e7\u00e3o e Feriados"},"content":{"rendered":"\n<h1>Horas de Negocia\u00e7\u00e3o e Feriados<\/h1>\n\n\n\n<p>&nbsp;<\/p>\n\n\n\n<p>&nbsp;<\/p>\n\n\n\n<p>&nbsp;<\/p>\n\n\n\n<p class=\"trading-hours__description\">\u00c9 importante saber quando os mercados v\u00e3o estar fechados por causa dos feriados nacionais. Deve tentar planear as suas negocia\u00e7\u00f5es para que n\u00e3o coincidam com estas datas, visto que a volatilidade poder\u00e1 ser maior e poder\u00e3o ser cobradas taxas por deixar negocia\u00e7\u00f5es abertas durante um feriado.<\/p>\n\n\n\n<p>** Todos os hor\u00e1rios em GMT+3<\/p>\n\n\n\n<p><\/p>\n","protected":false},"excerpt":{"rendered":"<p>Horas de Negocia\u00e7\u00e3o e Feriados &nbsp; &nbsp; &nbsp; \u00c9 importante saber quando os mercados v\u00e3o estar fechados por causa dos feriados nacionais. Deve tentar planear as suas negocia\u00e7\u00f5es para que n\u00e3o coincidam com estas datas, visto que a volatilidade poder\u00e1 ser maior e poder\u00e3o ser cobradas taxas por deixar negocia\u00e7\u00f5es abertas durante um feriado. ** [&hellip;]<\/p>\n","protected":false},"author":19,"featured_media":0,"parent":0,"menu_order":0,"comment_status":"closed","ping_status":"closed","template":"page-templates\/page-trading-hours.php","meta":[],"yoast_head":"<!-- This site is optimized with the Yoast SEO plugin v15.9.1 - https:\/\/yoast.com\/wordpress\/plugins\/seo\/ -->\n<title>Hor\u00e1rio e feriados de negocia\u00e7\u00e3o | TitanEdge<\/title>\n<meta name=\"description\" content=\"\u00c9 importante que saiba quando os mercados v\u00e3o estar fechados devido a feriados nacionais. Deve tentar planear as suas negocia\u00e7\u00f5es consoante estas datas.\" \/>\n<link rel=\"canonical\" href=\"https:\/\/www.titan-edge.com\/pt-pt\/trading-hours-and-holidays\/\" \/>\n<meta property=\"og:locale\" content=\"pt_PT\" \/>\n<meta property=\"og:type\" content=\"article\" \/>\n<meta property=\"og:title\" content=\"Hor\u00e1rio e feriados de negocia\u00e7\u00e3o | TitanEdge\" \/>\n<meta property=\"og:description\" content=\"\u00c9 importante que saiba quando os mercados v\u00e3o estar fechados devido a feriados nacionais. Deve tentar planear as suas negocia\u00e7\u00f5es consoante estas datas.\" \/>\n<meta property=\"og:url\" content=\"\/pt-pt\/trading-hours-and-holidays\/\" \/>\n<meta property=\"og:site_name\" content=\"TitanEdge\" \/>\n<meta property=\"article:modified_time\" content=\"2025-04-23T12:51:17+00:00\" \/>\n<meta property=\"og:image\" content=\"https:\/\/multisite-wp-uploads.titan-edge.com\/tradeeu\/wp-content\/uploads\/2022\/11\/01133623\/2.png\" \/>\n\t<meta property=\"og:image:width\" content=\"1183\" \/>\n\t<meta property=\"og:image:height\" content=\"626\" \/>\n<meta name=\"twitter:card\" content=\"summary_large_image\" \/>\n<meta name=\"twitter:label1\" content=\"Est. reading time\">\n\t<meta name=\"twitter:data1\" content=\"1 minute\">\n<script type=\"application\/ld+json\" class=\"yoast-schema-graph\">{\"@context\":\"https:\/\/schema.org\",\"@graph\":[{\"@type\":\"WebSite\",\"@id\":\"https:\/\/www.titan-edge.com\/#website\",\"url\":\"https:\/\/www.titan-edge.com\/\",\"name\":\"TitanEdge\",\"description\":\"\",\"potentialAction\":[{\"@type\":\"SearchAction\",\"target\":\"https:\/\/www.titan-edge.com\/?s={search_term_string}\",\"query-input\":\"required name=search_term_string\"}],\"inLanguage\":\"pt\"},{\"@type\":\"WebPage\",\"@id\":\"https:\/\/www.titan-edge.com\/pt-pt\/trading-hours-and-holidays\/#webpage\",\"url\":\"https:\/\/www.titan-edge.com\/pt-pt\/trading-hours-and-holidays\/\",\"name\":\"Hor\\u00e1rio e feriados de negocia\\u00e7\\u00e3o | TitanEdge\",\"isPartOf\":{\"@id\":\"https:\/\/www.titan-edge.com\/#website\"},\"datePublished\":\"2022-10-11T11:40:56+00:00\",\"dateModified\":\"2025-04-23T12:51:17+00:00\",\"description\":\"\\u00c9 importante que saiba quando os mercados v\\u00e3o estar fechados devido a feriados nacionais. Deve tentar planear as suas negocia\\u00e7\\u00f5es consoante estas datas.\",\"breadcrumb\":{\"@id\":\"https:\/\/www.titan-edge.com\/pt-pt\/trading-hours-and-holidays\/#breadcrumb\"},\"inLanguage\":\"pt\",\"potentialAction\":[{\"@type\":\"ReadAction\",\"target\":[\"https:\/\/www.titan-edge.com\/pt-pt\/trading-hours-and-holidays\/\"]}]},{\"@type\":\"BreadcrumbList\",\"@id\":\"https:\/\/www.titan-edge.com\/pt-pt\/trading-hours-and-holidays\/#breadcrumb\",\"itemListElement\":[{\"@type\":\"ListItem\",\"position\":1,\"item\":{\"@type\":\"WebPage\",\"@id\":\"\/pt-pt\/\",\"url\":\"\/pt-pt\/\",\"name\":\"Home\"}},{\"@type\":\"ListItem\",\"position\":2,\"item\":{\"@type\":\"WebPage\",\"@id\":\"\/pt-pt\/trading-hours-and-holidays\/\",\"url\":\"\/pt-pt\/trading-hours-and-holidays\/\",\"name\":\"Horas de Negocia\\u00e7\\u00e3o e Feriados\"}}]}]}<\/script>\n<!-- \/ Yoast SEO plugin. -->","_links":{"self":[{"href":"https:\/\/www.titan-edge.com\/pt-pt\/wp-json\/wp\/v2\/pages\/7898"}],"collection":[{"href":"https:\/\/www.titan-edge.com\/pt-pt\/wp-json\/wp\/v2\/pages"}],"about":[{"href":"https:\/\/www.titan-edge.com\/pt-pt\/wp-json\/wp\/v2\/types\/page"}],"author":[{"embeddable":true,"href":"https:\/\/www.titan-edge.com\/pt-pt\/wp-json\/wp\/v2\/users\/19"}],"replies":[{"embeddable":true,"href":"https:\/\/www.titan-edge.com\/pt-pt\/wp-json\/wp\/v2\/comments?post=7898"}],"version-history":[{"count":61,"href":"https:\/\/www.titan-edge.com\/pt-pt\/wp-json\/wp\/v2\/pages\/7898\/revisions"}],"predecessor-version":[{"id":12641,"href":"https:\/\/www.titan-edge.com\/pt-pt\/wp-json\/wp\/v2\/pages\/7898\/revisions\/12641"}],"wp:attachment":[{"href":"https:\/\/www.titan-edge.com\/pt-pt\/wp-json\/wp\/v2\/media?parent=7898"}],"curies":[{"name":"wp","href":"https:\/\/api.w.org\/{rel}","templated":true}]}}