{"id":7894,"date":"2022-10-11T08:27:03","date_gmt":"2022-10-11T08:27:03","guid":{"rendered":"\/condicoes-de-negociacao\/"},"modified":"2025-04-05T12:58:24","modified_gmt":"2025-04-05T12:58:24","slug":"rollover-dates","status":"publish","type":"page","link":"\/pt-pt\/rollover-dates\/","title":{"rendered":"Datas de Rollover"},"content":{"rendered":"\n<p><\/p>\n\n\n\n<p><\/p>\n","protected":false},"excerpt":{"rendered":"","protected":false},"author":1,"featured_media":0,"parent":0,"menu_order":0,"comment_status":"closed","ping_status":"closed","template":"page-templates\/page-trading-conditions.php","meta":[],"yoast_head":"<!-- This site is optimized with the Yoast SEO plugin v15.9.1 - https:\/\/yoast.com\/wordpress\/plugins\/seo\/ -->\n<title>Condi\u00e7\u00f5es de negocia\u00e7\u00e3o | Datas de rollover | TitanEdge<\/title>\n<meta name=\"description\" content=\"As datas de rollover s\u00e3o um aspeto t\u00e9cnico do trading que dizem respeito aos contratos de futuros que t\u00eam datas de validade. Confira-as agora na Titan-Edge.com\" \/>\n<link rel=\"canonical\" href=\"https:\/\/www.titan-edge.com\/pt-pt\/rollover-dates\/\" \/>\n<meta property=\"og:locale\" content=\"pt_PT\" \/>\n<meta property=\"og:type\" content=\"article\" \/>\n<meta property=\"og:title\" content=\"Condi\u00e7\u00f5es de negocia\u00e7\u00e3o | Datas de rollover | TitanEdge\" \/>\n<meta property=\"og:description\" content=\"As datas de rollover s\u00e3o um aspeto t\u00e9cnico do trading que dizem respeito aos contratos de futuros que t\u00eam datas de validade. Confira-as agora na Titan-Edge.com\" \/>\n<meta property=\"og:url\" content=\"\/pt-pt\/rollover-dates\/\" \/>\n<meta property=\"og:site_name\" content=\"TitanEdge\" \/>\n<meta property=\"article:modified_time\" content=\"2025-04-05T12:58:24+00:00\" \/>\n<meta property=\"og:image\" content=\"https:\/\/multisite-wp-uploads.titan-edge.com\/tradeeu\/wp-content\/uploads\/2022\/11\/01133623\/2.png\" \/>\n\t<meta property=\"og:image:width\" content=\"1183\" \/>\n\t<meta property=\"og:image:height\" content=\"626\" \/>\n<meta name=\"twitter:card\" content=\"summary_large_image\" \/>\n<script type=\"application\/ld+json\" class=\"yoast-schema-graph\">{\"@context\":\"https:\/\/schema.org\",\"@graph\":[{\"@type\":\"WebSite\",\"@id\":\"https:\/\/www.titan-edge.com\/#website\",\"url\":\"https:\/\/www.titan-edge.com\/\",\"name\":\"TitanEdge\",\"description\":\"\",\"potentialAction\":[{\"@type\":\"SearchAction\",\"target\":\"https:\/\/www.titan-edge.com\/?s={search_term_string}\",\"query-input\":\"required name=search_term_string\"}],\"inLanguage\":\"pt\"},{\"@type\":\"WebPage\",\"@id\":\"https:\/\/www.titan-edge.com\/pt-pt\/rollover-dates\/#webpage\",\"url\":\"https:\/\/www.titan-edge.com\/pt-pt\/rollover-dates\/\",\"name\":\"Condi\\u00e7\\u00f5es de negocia\\u00e7\\u00e3o | Datas de rollover | TitanEdge\",\"isPartOf\":{\"@id\":\"https:\/\/www.titan-edge.com\/#website\"},\"datePublished\":\"2022-10-11T08:27:03+00:00\",\"dateModified\":\"2025-04-05T12:58:24+00:00\",\"description\":\"As datas de rollover s\\u00e3o um aspeto t\\u00e9cnico do trading que dizem respeito aos contratos de futuros que t\\u00eam datas de validade. Confira-as agora na Titan-Edge.com\",\"breadcrumb\":{\"@id\":\"https:\/\/www.titan-edge.com\/pt-pt\/rollover-dates\/#breadcrumb\"},\"inLanguage\":\"pt\",\"potentialAction\":[{\"@type\":\"ReadAction\",\"target\":[\"https:\/\/www.titan-edge.com\/pt-pt\/rollover-dates\/\"]}]},{\"@type\":\"BreadcrumbList\",\"@id\":\"https:\/\/www.titan-edge.com\/pt-pt\/rollover-dates\/#breadcrumb\",\"itemListElement\":[{\"@type\":\"ListItem\",\"position\":1,\"item\":{\"@type\":\"WebPage\",\"@id\":\"\/pt-pt\/\",\"url\":\"\/pt-pt\/\",\"name\":\"Home\"}},{\"@type\":\"ListItem\",\"position\":2,\"item\":{\"@type\":\"WebPage\",\"@id\":\"\/pt-pt\/rollover-dates\/\",\"url\":\"\/pt-pt\/rollover-dates\/\",\"name\":\"Datas de Rollover\"}}]}]}<\/script>\n<!-- \/ Yoast SEO plugin. -->","_links":{"self":[{"href":"https:\/\/www.titan-edge.com\/pt-pt\/wp-json\/wp\/v2\/pages\/7894"}],"collection":[{"href":"https:\/\/www.titan-edge.com\/pt-pt\/wp-json\/wp\/v2\/pages"}],"about":[{"href":"https:\/\/www.titan-edge.com\/pt-pt\/wp-json\/wp\/v2\/types\/page"}],"author":[{"embeddable":true,"href":"https:\/\/www.titan-edge.com\/pt-pt\/wp-json\/wp\/v2\/users\/1"}],"replies":[{"embeddable":true,"href":"https:\/\/www.titan-edge.com\/pt-pt\/wp-json\/wp\/v2\/comments?post=7894"}],"version-history":[{"count":19,"href":"https:\/\/www.titan-edge.com\/pt-pt\/wp-json\/wp\/v2\/pages\/7894\/revisions"}],"predecessor-version":[{"id":12464,"href":"https:\/\/www.titan-edge.com\/pt-pt\/wp-json\/wp\/v2\/pages\/7894\/revisions\/12464"}],"wp:attachment":[{"href":"https:\/\/www.titan-edge.com\/pt-pt\/wp-json\/wp\/v2\/media?parent=7894"}],"curies":[{"name":"wp","href":"https:\/\/api.w.org\/{rel}","templated":true}]}}