{"id":7862,"date":"2022-10-07T11:37:33","date_gmt":"2022-10-07T11:37:33","guid":{"rendered":"\/porque-o-tradeeu\/"},"modified":"2025-04-05T12:48:51","modified_gmt":"2025-04-05T12:48:51","slug":"why-titanedge","status":"publish","type":"page","link":"\/pt-pt\/why-titanedge\/","title":{"rendered":"Porqu\u00ea o TitanEdge"},"content":{"rendered":"","protected":false},"excerpt":{"rendered":"","protected":false},"author":1,"featured_media":0,"parent":0,"menu_order":0,"comment_status":"closed","ping_status":"closed","template":"page-templates\/page-why.php","meta":[],"yoast_head":"<!-- This site is optimized with the Yoast SEO plugin v15.9.1 - https:\/\/yoast.com\/wordpress\/plugins\/seo\/ -->\n<title>Porqu\u00ea escolher a TitanEdge: As vantagens da plataforma TitanEdge<\/title>\n<meta name=\"description\" content=\"Despesas e comiss\u00f5es baixas, portef\u00f3lios de empreendimentos instant\u00e2neos e uma variedade de recursos s\u00e3o apenas algumas das raz\u00f5es pelas quais os traders escolhem a TitanEdge.\" \/>\n<link rel=\"canonical\" href=\"https:\/\/www.titan-edge.com\/pt-pt\/why-titanedge\/\" \/>\n<meta property=\"og:locale\" content=\"pt_PT\" \/>\n<meta property=\"og:type\" content=\"article\" \/>\n<meta property=\"og:title\" content=\"Porqu\u00ea escolher a TitanEdge: As vantagens da plataforma TitanEdge\" \/>\n<meta property=\"og:description\" content=\"Despesas e comiss\u00f5es baixas, portef\u00f3lios de empreendimentos instant\u00e2neos e uma variedade de recursos s\u00e3o apenas algumas das raz\u00f5es pelas quais os traders escolhem a TitanEdge.\" \/>\n<meta property=\"og:url\" content=\"\/pt-pt\/why-titanedge\/\" \/>\n<meta property=\"og:site_name\" content=\"TitanEdge\" \/>\n<meta property=\"article:modified_time\" content=\"2025-04-05T12:48:51+00:00\" \/>\n<meta property=\"og:image\" content=\"https:\/\/multisite-wp-uploads.titan-edge.com\/tradeeu\/wp-content\/uploads\/2022\/11\/01133623\/2.png\" \/>\n\t<meta property=\"og:image:width\" content=\"1183\" \/>\n\t<meta property=\"og:image:height\" content=\"626\" \/>\n<meta name=\"twitter:card\" content=\"summary_large_image\" \/>\n<script type=\"application\/ld+json\" class=\"yoast-schema-graph\">{\"@context\":\"https:\/\/schema.org\",\"@graph\":[{\"@type\":\"WebSite\",\"@id\":\"https:\/\/www.titan-edge.com\/#website\",\"url\":\"https:\/\/www.titan-edge.com\/\",\"name\":\"TitanEdge\",\"description\":\"\",\"potentialAction\":[{\"@type\":\"SearchAction\",\"target\":\"https:\/\/www.titan-edge.com\/?s={search_term_string}\",\"query-input\":\"required name=search_term_string\"}],\"inLanguage\":\"pt\"},{\"@type\":\"WebPage\",\"@id\":\"https:\/\/www.titan-edge.com\/pt-pt\/why-titanedge\/#webpage\",\"url\":\"https:\/\/www.titan-edge.com\/pt-pt\/why-titanedge\/\",\"name\":\"Porqu\\u00ea escolher a TitanEdge: As vantagens da plataforma TitanEdge\",\"isPartOf\":{\"@id\":\"https:\/\/www.titan-edge.com\/#website\"},\"datePublished\":\"2022-10-07T11:37:33+00:00\",\"dateModified\":\"2025-04-05T12:48:51+00:00\",\"description\":\"Despesas e comiss\\u00f5es baixas, portef\\u00f3lios de empreendimentos instant\\u00e2neos e uma variedade de recursos s\\u00e3o apenas algumas das raz\\u00f5es pelas quais os traders escolhem a TitanEdge.\",\"breadcrumb\":{\"@id\":\"https:\/\/www.titan-edge.com\/pt-pt\/why-titanedge\/#breadcrumb\"},\"inLanguage\":\"pt\",\"potentialAction\":[{\"@type\":\"ReadAction\",\"target\":[\"https:\/\/www.titan-edge.com\/pt-pt\/why-titanedge\/\"]}]},{\"@type\":\"BreadcrumbList\",\"@id\":\"https:\/\/www.titan-edge.com\/pt-pt\/why-titanedge\/#breadcrumb\",\"itemListElement\":[{\"@type\":\"ListItem\",\"position\":1,\"item\":{\"@type\":\"WebPage\",\"@id\":\"\/pt-pt\/\",\"url\":\"\/pt-pt\/\",\"name\":\"Home\"}},{\"@type\":\"ListItem\",\"position\":2,\"item\":{\"@type\":\"WebPage\",\"@id\":\"\/pt-pt\/why-titanedge\/\",\"url\":\"\/pt-pt\/why-titanedge\/\",\"name\":\"Porqu\\u00ea o TitanEdge\"}}]}]}<\/script>\n<!-- \/ Yoast SEO plugin. -->","_links":{"self":[{"href":"https:\/\/www.titan-edge.com\/pt-pt\/wp-json\/wp\/v2\/pages\/7862"}],"collection":[{"href":"https:\/\/www.titan-edge.com\/pt-pt\/wp-json\/wp\/v2\/pages"}],"about":[{"href":"https:\/\/www.titan-edge.com\/pt-pt\/wp-json\/wp\/v2\/types\/page"}],"author":[{"embeddable":true,"href":"https:\/\/www.titan-edge.com\/pt-pt\/wp-json\/wp\/v2\/users\/1"}],"replies":[{"embeddable":true,"href":"https:\/\/www.titan-edge.com\/pt-pt\/wp-json\/wp\/v2\/comments?post=7862"}],"version-history":[{"count":13,"href":"https:\/\/www.titan-edge.com\/pt-pt\/wp-json\/wp\/v2\/pages\/7862\/revisions"}],"predecessor-version":[{"id":12369,"href":"https:\/\/www.titan-edge.com\/pt-pt\/wp-json\/wp\/v2\/pages\/7862\/revisions\/12369"}],"wp:attachment":[{"href":"https:\/\/www.titan-edge.com\/pt-pt\/wp-json\/wp\/v2\/media?parent=7862"}],"curies":[{"name":"wp","href":"https:\/\/api.w.org\/{rel}","templated":true}]}}