{"id":7851,"date":"2022-10-07T11:02:37","date_gmt":"2022-10-07T11:02:37","guid":{"rendered":"\/sobre-nos\/"},"modified":"2025-04-05T12:52:26","modified_gmt":"2025-04-05T12:52:26","slug":"about-us","status":"publish","type":"page","link":"\/pt-pt\/about-us\/","title":{"rendered":"Sobre n\u00f3s"},"content":{"rendered":"","protected":false},"excerpt":{"rendered":"","protected":false},"author":1,"featured_media":0,"parent":0,"menu_order":0,"comment_status":"closed","ping_status":"closed","template":"page-templates\/page-about-us.php","meta":[],"yoast_head":"<!-- This site is optimized with the Yoast SEO plugin v15.9.1 - https:\/\/yoast.com\/wordpress\/plugins\/seo\/ -->\n<title>Sobre n\u00f3s | TitanEdge - Access Global Markets Easily<\/title>\n<meta name=\"description\" content=\"A TitanEdge \u00e9 a principal corretora mundial para quem quer negociar CFDs de divisas, criptomoedas e \u00edndices online, de uma forma b\u00e1sica, direta e mais agrad\u00e1vel.\" \/>\n<link rel=\"canonical\" href=\"https:\/\/www.titan-edge.com\/pt-pt\/about-us\/\" \/>\n<meta property=\"og:locale\" content=\"pt_PT\" \/>\n<meta property=\"og:type\" content=\"article\" \/>\n<meta property=\"og:title\" content=\"Sobre n\u00f3s | TitanEdge - Access Global Markets Easily\" \/>\n<meta property=\"og:description\" content=\"A TitanEdge \u00e9 a principal corretora mundial para quem quer negociar CFDs de divisas, criptomoedas e \u00edndices online, de uma forma b\u00e1sica, direta e mais agrad\u00e1vel.\" \/>\n<meta property=\"og:url\" content=\"\/pt-pt\/about-us\/\" \/>\n<meta property=\"og:site_name\" content=\"TitanEdge\" \/>\n<meta property=\"article:modified_time\" content=\"2025-04-05T12:52:26+00:00\" \/>\n<meta property=\"og:image\" content=\"https:\/\/multisite-wp-uploads.titan-edge.com\/tradeeu\/wp-content\/uploads\/2022\/11\/01133623\/2.png\" \/>\n\t<meta property=\"og:image:width\" content=\"1183\" \/>\n\t<meta property=\"og:image:height\" content=\"626\" \/>\n<meta name=\"twitter:card\" content=\"summary_large_image\" \/>\n<script type=\"application\/ld+json\" class=\"yoast-schema-graph\">{\"@context\":\"https:\/\/schema.org\",\"@graph\":[{\"@type\":\"WebSite\",\"@id\":\"https:\/\/www.titan-edge.com\/#website\",\"url\":\"https:\/\/www.titan-edge.com\/\",\"name\":\"TitanEdge\",\"description\":\"\",\"potentialAction\":[{\"@type\":\"SearchAction\",\"target\":\"https:\/\/www.titan-edge.com\/?s={search_term_string}\",\"query-input\":\"required name=search_term_string\"}],\"inLanguage\":\"pt\"},{\"@type\":\"WebPage\",\"@id\":\"https:\/\/www.titan-edge.com\/pt-pt\/about-us\/#webpage\",\"url\":\"https:\/\/www.titan-edge.com\/pt-pt\/about-us\/\",\"name\":\"Sobre n\\u00f3s | TitanEdge - Access Global Markets Easily\",\"isPartOf\":{\"@id\":\"https:\/\/www.titan-edge.com\/#website\"},\"datePublished\":\"2022-10-07T11:02:37+00:00\",\"dateModified\":\"2025-04-05T12:52:26+00:00\",\"description\":\"A TitanEdge \\u00e9 a principal corretora mundial para quem quer negociar CFDs de divisas, criptomoedas e \\u00edndices online, de uma forma b\\u00e1sica, direta e mais agrad\\u00e1vel.\",\"breadcrumb\":{\"@id\":\"https:\/\/www.titan-edge.com\/pt-pt\/about-us\/#breadcrumb\"},\"inLanguage\":\"pt\",\"potentialAction\":[{\"@type\":\"ReadAction\",\"target\":[\"https:\/\/www.titan-edge.com\/pt-pt\/about-us\/\"]}]},{\"@type\":\"BreadcrumbList\",\"@id\":\"https:\/\/www.titan-edge.com\/pt-pt\/about-us\/#breadcrumb\",\"itemListElement\":[{\"@type\":\"ListItem\",\"position\":1,\"item\":{\"@type\":\"WebPage\",\"@id\":\"\/pt-pt\/\",\"url\":\"\/pt-pt\/\",\"name\":\"Home\"}},{\"@type\":\"ListItem\",\"position\":2,\"item\":{\"@type\":\"WebPage\",\"@id\":\"\/pt-pt\/about-us\/\",\"url\":\"\/pt-pt\/about-us\/\",\"name\":\"Sobre n\\u00f3s\"}}]}]}<\/script>\n<!-- \/ Yoast SEO plugin. -->","_links":{"self":[{"href":"https:\/\/www.titan-edge.com\/pt-pt\/wp-json\/wp\/v2\/pages\/7851"}],"collection":[{"href":"https:\/\/www.titan-edge.com\/pt-pt\/wp-json\/wp\/v2\/pages"}],"about":[{"href":"https:\/\/www.titan-edge.com\/pt-pt\/wp-json\/wp\/v2\/types\/page"}],"author":[{"embeddable":true,"href":"https:\/\/www.titan-edge.com\/pt-pt\/wp-json\/wp\/v2\/users\/1"}],"replies":[{"embeddable":true,"href":"https:\/\/www.titan-edge.com\/pt-pt\/wp-json\/wp\/v2\/comments?post=7851"}],"version-history":[{"count":16,"href":"https:\/\/www.titan-edge.com\/pt-pt\/wp-json\/wp\/v2\/pages\/7851\/revisions"}],"predecessor-version":[{"id":12454,"href":"https:\/\/www.titan-edge.com\/pt-pt\/wp-json\/wp\/v2\/pages\/7851\/revisions\/12454"}],"wp:attachment":[{"href":"https:\/\/www.titan-edge.com\/pt-pt\/wp-json\/wp\/v2\/media?parent=7851"}],"curies":[{"name":"wp","href":"https:\/\/api.w.org\/{rel}","templated":true}]}}