{"id":7847,"date":"2022-10-07T10:47:10","date_gmt":"2022-10-07T10:47:10","guid":{"rendered":"\/home-page\/"},"modified":"2025-04-05T09:00:55","modified_gmt":"2025-04-05T09:00:55","slug":"home-page","status":"publish","type":"page","link":"\/pt-pt\/","title":{"rendered":"Home page"},"content":{"rendered":"","protected":false},"excerpt":{"rendered":"","protected":false},"author":1,"featured_media":0,"parent":0,"menu_order":0,"comment_status":"closed","ping_status":"closed","template":"page-templates\/page-home.php","meta":[],"yoast_head":"<!-- This site is optimized with the Yoast SEO plugin v15.9.1 - https:\/\/yoast.com\/wordpress\/plugins\/seo\/ -->\n<title>TitanEdge | Uma corretora l\u00edder na negocia\u00e7\u00e3o de ativos financeiros globais<\/title>\n<meta name=\"description\" content=\"A TitanEdge \u00e9 uma empresa financeira global e regulamentada que disponibiliza uma plataforma de trading avan\u00e7ada e altamente segura. Negoceie quando e onde quiser!\" \/>\n<link rel=\"canonical\" href=\"https:\/\/www.titan-edge.com\/pt-pt\/\" \/>\n<meta property=\"og:locale\" content=\"pt_PT\" \/>\n<meta property=\"og:type\" content=\"article\" \/>\n<meta property=\"og:title\" content=\"TitanEdge | Uma corretora l\u00edder na negocia\u00e7\u00e3o de ativos financeiros globais\" \/>\n<meta property=\"og:description\" content=\"A TitanEdge \u00e9 uma empresa financeira global e regulamentada que disponibiliza uma plataforma de trading avan\u00e7ada e altamente segura. Negoceie quando e onde quiser!\" \/>\n<meta property=\"og:url\" content=\"\/pt-pt\/\" \/>\n<meta property=\"og:site_name\" content=\"TitanEdge\" \/>\n<meta property=\"article:modified_time\" content=\"2025-04-05T09:00:55+00:00\" \/>\n<meta property=\"og:image\" content=\"https:\/\/multisite-wp-uploads.titan-edge.com\/tradeeu\/wp-content\/uploads\/2022\/11\/01133623\/2.png\" \/>\n\t<meta property=\"og:image:width\" content=\"1183\" \/>\n\t<meta property=\"og:image:height\" content=\"626\" \/>\n<meta name=\"twitter:card\" content=\"summary_large_image\" \/>\n<script type=\"application\/ld+json\" class=\"yoast-schema-graph\">{\"@context\":\"https:\/\/schema.org\",\"@graph\":[{\"@type\":\"WebSite\",\"@id\":\"https:\/\/www.titan-edge.com\/#website\",\"url\":\"https:\/\/www.titan-edge.com\/\",\"name\":\"TitanEdge\",\"description\":\"\",\"potentialAction\":[{\"@type\":\"SearchAction\",\"target\":\"https:\/\/www.titan-edge.com\/?s={search_term_string}\",\"query-input\":\"required name=search_term_string\"}],\"inLanguage\":\"pt\"},{\"@type\":\"WebPage\",\"@id\":\"https:\/\/www.titan-edge.com\/pt-pt\/#webpage\",\"url\":\"https:\/\/www.titan-edge.com\/pt-pt\/\",\"name\":\"TitanEdge | Uma corretora l\\u00edder na negocia\\u00e7\\u00e3o de ativos financeiros globais\",\"isPartOf\":{\"@id\":\"https:\/\/www.titan-edge.com\/#website\"},\"datePublished\":\"2022-10-07T10:47:10+00:00\",\"dateModified\":\"2025-04-05T09:00:55+00:00\",\"description\":\"A TitanEdge \\u00e9 uma empresa financeira global e regulamentada que disponibiliza uma plataforma de trading avan\\u00e7ada e altamente segura. Negoceie quando e onde quiser!\",\"breadcrumb\":{\"@id\":\"https:\/\/www.titan-edge.com\/pt-pt\/#breadcrumb\"},\"inLanguage\":\"pt\",\"potentialAction\":[{\"@type\":\"ReadAction\",\"target\":[\"https:\/\/www.titan-edge.com\/pt-pt\/\"]}]},{\"@type\":\"BreadcrumbList\",\"@id\":\"https:\/\/www.titan-edge.com\/pt-pt\/#breadcrumb\",\"itemListElement\":[{\"@type\":\"ListItem\",\"position\":1,\"item\":{\"@type\":\"WebPage\",\"@id\":\"\/pt-pt\/\",\"url\":\"\/pt-pt\/\",\"name\":\"Home\"}},{\"@type\":\"ListItem\",\"position\":2,\"item\":{\"@type\":\"WebPage\",\"@id\":\"\/pt-pt\/\",\"url\":\"\/pt-pt\/\",\"name\":\"Home page\"}}]}]}<\/script>\n<!-- \/ Yoast SEO plugin. -->","_links":{"self":[{"href":"https:\/\/www.titan-edge.com\/pt-pt\/wp-json\/wp\/v2\/pages\/7847"}],"collection":[{"href":"https:\/\/www.titan-edge.com\/pt-pt\/wp-json\/wp\/v2\/pages"}],"about":[{"href":"https:\/\/www.titan-edge.com\/pt-pt\/wp-json\/wp\/v2\/types\/page"}],"author":[{"embeddable":true,"href":"https:\/\/www.titan-edge.com\/pt-pt\/wp-json\/wp\/v2\/users\/1"}],"replies":[{"embeddable":true,"href":"https:\/\/www.titan-edge.com\/pt-pt\/wp-json\/wp\/v2\/comments?post=7847"}],"version-history":[{"count":10,"href":"https:\/\/www.titan-edge.com\/pt-pt\/wp-json\/wp\/v2\/pages\/7847\/revisions"}],"predecessor-version":[{"id":12345,"href":"https:\/\/www.titan-edge.com\/pt-pt\/wp-json\/wp\/v2\/pages\/7847\/revisions\/12345"}],"wp:attachment":[{"href":"https:\/\/www.titan-edge.com\/pt-pt\/wp-json\/wp\/v2\/media?parent=7847"}],"curies":[{"name":"wp","href":"https:\/\/api.w.org\/{rel}","templated":true}]}}