{"id":7198,"date":"2022-10-03T10:48:01","date_gmt":"2022-10-03T10:48:01","guid":{"rendered":"\/wirtschaftskalender\/"},"modified":"2025-04-05T09:57:25","modified_gmt":"2025-04-05T09:57:25","slug":"economic-calendar","status":"publish","type":"page","link":"\/de\/economic-calendar\/","title":{"rendered":"Wirtschaftskalender"},"content":{"rendered":"\n<h2 class=\"page-default__title\"><\/h2>\n\n\n\n<p><\/p>\n\n\n\n<ngp-economic-calendar><\/ngp-economic-calendar>\n","protected":false},"excerpt":{"rendered":"","protected":false},"author":1,"featured_media":0,"parent":0,"menu_order":0,"comment_status":"closed","ping_status":"closed","template":"page-templates\/page-economic-calendar.php","meta":[],"yoast_head":"<!-- This site is optimized with the Yoast SEO plugin v15.9.1 - https:\/\/yoast.com\/wordpress\/plugins\/seo\/ -->\n<title>Wirtschaftskalender | TitanEdge<\/title>\n<meta name=\"description\" content=\"Sehen Sie sich unseren schnell aktualisierten und intelligenten Finanzkalender f\u00fcr wichtige Anl\u00e4sse und Ver\u00f6ffentlichungen an, die die Forex-, Aktien- und Kryptom\u00e4rkte beeinflussen.\" \/>\n<link rel=\"canonical\" href=\"https:\/\/www.titan-edge.com\/de\/economic-calendar\/\" \/>\n<meta property=\"og:locale\" content=\"de_DE\" \/>\n<meta property=\"og:type\" content=\"article\" \/>\n<meta property=\"og:title\" content=\"Wirtschaftskalender | TitanEdge\" \/>\n<meta property=\"og:description\" content=\"Sehen Sie sich unseren schnell aktualisierten und intelligenten Finanzkalender f\u00fcr wichtige Anl\u00e4sse und Ver\u00f6ffentlichungen an, die die Forex-, Aktien- und Kryptom\u00e4rkte beeinflussen.\" \/>\n<meta property=\"og:url\" content=\"\/de\/economic-calendar\/\" \/>\n<meta property=\"og:site_name\" content=\"TitanEdge\" \/>\n<meta property=\"article:modified_time\" content=\"2025-04-05T09:57:25+00:00\" \/>\n<meta property=\"og:image\" content=\"https:\/\/multisite-wp-uploads.titan-edge.com\/tradeeu\/wp-content\/uploads\/2022\/11\/01135139\/3.png\" \/>\n\t<meta property=\"og:image:width\" content=\"1193\" \/>\n\t<meta property=\"og:image:height\" content=\"614\" \/>\n<meta name=\"twitter:card\" content=\"summary_large_image\" \/>\n<script type=\"application\/ld+json\" class=\"yoast-schema-graph\">{\"@context\":\"https:\/\/schema.org\",\"@graph\":[{\"@type\":\"WebSite\",\"@id\":\"https:\/\/www.titan-edge.com\/#website\",\"url\":\"https:\/\/www.titan-edge.com\/\",\"name\":\"TitanEdge\",\"description\":\"\",\"potentialAction\":[{\"@type\":\"SearchAction\",\"target\":\"https:\/\/www.titan-edge.com\/?s={search_term_string}\",\"query-input\":\"required name=search_term_string\"}],\"inLanguage\":\"de\"},{\"@type\":\"WebPage\",\"@id\":\"https:\/\/www.titan-edge.com\/de\/economic-calendar\/#webpage\",\"url\":\"https:\/\/www.titan-edge.com\/de\/economic-calendar\/\",\"name\":\"Wirtschaftskalender | TitanEdge\",\"isPartOf\":{\"@id\":\"https:\/\/www.titan-edge.com\/#website\"},\"datePublished\":\"2022-10-03T10:48:01+00:00\",\"dateModified\":\"2025-04-05T09:57:25+00:00\",\"description\":\"Sehen Sie sich unseren schnell aktualisierten und intelligenten Finanzkalender f\\u00fcr wichtige Anl\\u00e4sse und Ver\\u00f6ffentlichungen an, die die Forex-, Aktien- und Kryptom\\u00e4rkte beeinflussen.\",\"breadcrumb\":{\"@id\":\"https:\/\/www.titan-edge.com\/de\/economic-calendar\/#breadcrumb\"},\"inLanguage\":\"de\",\"potentialAction\":[{\"@type\":\"ReadAction\",\"target\":[\"https:\/\/www.titan-edge.com\/de\/economic-calendar\/\"]}]},{\"@type\":\"BreadcrumbList\",\"@id\":\"https:\/\/www.titan-edge.com\/de\/economic-calendar\/#breadcrumb\",\"itemListElement\":[{\"@type\":\"ListItem\",\"position\":1,\"item\":{\"@type\":\"WebPage\",\"@id\":\"\/de\/\",\"url\":\"\/de\/\",\"name\":\"Home\"}},{\"@type\":\"ListItem\",\"position\":2,\"item\":{\"@type\":\"WebPage\",\"@id\":\"\/de\/economic-calendar\/\",\"url\":\"\/de\/economic-calendar\/\",\"name\":\"Wirtschaftskalender\"}}]}]}<\/script>\n<!-- \/ Yoast SEO plugin. -->","_links":{"self":[{"href":"https:\/\/www.titan-edge.com\/de\/wp-json\/wp\/v2\/pages\/7198"}],"collection":[{"href":"https:\/\/www.titan-edge.com\/de\/wp-json\/wp\/v2\/pages"}],"about":[{"href":"https:\/\/www.titan-edge.com\/de\/wp-json\/wp\/v2\/types\/page"}],"author":[{"embeddable":true,"href":"https:\/\/www.titan-edge.com\/de\/wp-json\/wp\/v2\/users\/1"}],"replies":[{"embeddable":true,"href":"https:\/\/www.titan-edge.com\/de\/wp-json\/wp\/v2\/comments?post=7198"}],"version-history":[{"count":10,"href":"https:\/\/www.titan-edge.com\/de\/wp-json\/wp\/v2\/pages\/7198\/revisions"}],"predecessor-version":[{"id":10190,"href":"https:\/\/www.titan-edge.com\/de\/wp-json\/wp\/v2\/pages\/7198\/revisions\/10190"}],"wp:attachment":[{"href":"https:\/\/www.titan-edge.com\/de\/wp-json\/wp\/v2\/media?parent=7198"}],"curies":[{"name":"wp","href":"https:\/\/api.w.org\/{rel}","templated":true}]}}