{"id":7071,"date":"2022-10-03T08:48:14","date_gmt":"2022-10-03T08:48:14","guid":{"rendered":"\/warum-tradeeu\/"},"modified":"2025-04-05T12:48:35","modified_gmt":"2025-04-05T12:48:35","slug":"why-titanedge","status":"publish","type":"page","link":"\/de\/why-titanedge\/","title":{"rendered":"Warum TitanEdge"},"content":{"rendered":"","protected":false},"excerpt":{"rendered":"","protected":false},"author":1,"featured_media":0,"parent":0,"menu_order":0,"comment_status":"closed","ping_status":"closed","template":"page-templates\/page-why.php","meta":[],"yoast_head":"<!-- This site is optimized with the Yoast SEO plugin v15.9.1 - https:\/\/yoast.com\/wordpress\/plugins\/seo\/ -->\n<title>Warum TitanEdge w\u00e4hlen: Die Vorteile der TitanEdge-Plattform<\/title>\n<meta name=\"description\" content=\"Niedrige Kosten und Provisionen, sofortige Handelsportfolios, eine Multi-Ressourcen-B\u00fchne sind nur ein Teil der Gr\u00fcnde, warum Trader TitanEdge w\u00e4hlen.\" \/>\n<link rel=\"canonical\" href=\"https:\/\/www.titan-edge.com\/de\/why-titanedge\/\" \/>\n<meta property=\"og:locale\" content=\"de_DE\" \/>\n<meta property=\"og:type\" content=\"article\" \/>\n<meta property=\"og:title\" content=\"Warum TitanEdge w\u00e4hlen: Die Vorteile der TitanEdge-Plattform\" \/>\n<meta property=\"og:description\" content=\"Niedrige Kosten und Provisionen, sofortige Handelsportfolios, eine Multi-Ressourcen-B\u00fchne sind nur ein Teil der Gr\u00fcnde, warum Trader TitanEdge w\u00e4hlen.\" \/>\n<meta property=\"og:url\" content=\"\/de\/why-titanedge\/\" \/>\n<meta property=\"og:site_name\" content=\"TitanEdge\" \/>\n<meta property=\"article:modified_time\" content=\"2025-04-05T12:48:35+00:00\" \/>\n<meta property=\"og:image\" content=\"https:\/\/multisite-wp-uploads.titan-edge.com\/tradeeu\/wp-content\/uploads\/2022\/11\/01135139\/3.png\" \/>\n\t<meta property=\"og:image:width\" content=\"1193\" \/>\n\t<meta property=\"og:image:height\" content=\"614\" \/>\n<meta name=\"twitter:card\" content=\"summary_large_image\" \/>\n<script type=\"application\/ld+json\" class=\"yoast-schema-graph\">{\"@context\":\"https:\/\/schema.org\",\"@graph\":[{\"@type\":\"WebSite\",\"@id\":\"https:\/\/www.titan-edge.com\/#website\",\"url\":\"https:\/\/www.titan-edge.com\/\",\"name\":\"TitanEdge\",\"description\":\"\",\"potentialAction\":[{\"@type\":\"SearchAction\",\"target\":\"https:\/\/www.titan-edge.com\/?s={search_term_string}\",\"query-input\":\"required name=search_term_string\"}],\"inLanguage\":\"de\"},{\"@type\":\"WebPage\",\"@id\":\"https:\/\/www.titan-edge.com\/de\/why-titanedge\/#webpage\",\"url\":\"https:\/\/www.titan-edge.com\/de\/why-titanedge\/\",\"name\":\"Warum TitanEdge w\\u00e4hlen: Die Vorteile der TitanEdge-Plattform\",\"isPartOf\":{\"@id\":\"https:\/\/www.titan-edge.com\/#website\"},\"datePublished\":\"2022-10-03T08:48:14+00:00\",\"dateModified\":\"2025-04-05T12:48:35+00:00\",\"description\":\"Niedrige Kosten und Provisionen, sofortige Handelsportfolios, eine Multi-Ressourcen-B\\u00fchne sind nur ein Teil der Gr\\u00fcnde, warum Trader TitanEdge w\\u00e4hlen.\",\"breadcrumb\":{\"@id\":\"https:\/\/www.titan-edge.com\/de\/why-titanedge\/#breadcrumb\"},\"inLanguage\":\"de\",\"potentialAction\":[{\"@type\":\"ReadAction\",\"target\":[\"https:\/\/www.titan-edge.com\/de\/why-titanedge\/\"]}]},{\"@type\":\"BreadcrumbList\",\"@id\":\"https:\/\/www.titan-edge.com\/de\/why-titanedge\/#breadcrumb\",\"itemListElement\":[{\"@type\":\"ListItem\",\"position\":1,\"item\":{\"@type\":\"WebPage\",\"@id\":\"\/de\/\",\"url\":\"\/de\/\",\"name\":\"Home\"}},{\"@type\":\"ListItem\",\"position\":2,\"item\":{\"@type\":\"WebPage\",\"@id\":\"\/de\/why-titanedge\/\",\"url\":\"\/de\/why-titanedge\/\",\"name\":\"Warum TitanEdge\"}}]}]}<\/script>\n<!-- \/ Yoast SEO plugin. -->","_links":{"self":[{"href":"https:\/\/www.titan-edge.com\/de\/wp-json\/wp\/v2\/pages\/7071"}],"collection":[{"href":"https:\/\/www.titan-edge.com\/de\/wp-json\/wp\/v2\/pages"}],"about":[{"href":"https:\/\/www.titan-edge.com\/de\/wp-json\/wp\/v2\/types\/page"}],"author":[{"embeddable":true,"href":"https:\/\/www.titan-edge.com\/de\/wp-json\/wp\/v2\/users\/1"}],"replies":[{"embeddable":true,"href":"https:\/\/www.titan-edge.com\/de\/wp-json\/wp\/v2\/comments?post=7071"}],"version-history":[{"count":15,"href":"https:\/\/www.titan-edge.com\/de\/wp-json\/wp\/v2\/pages\/7071\/revisions"}],"predecessor-version":[{"id":12367,"href":"https:\/\/www.titan-edge.com\/de\/wp-json\/wp\/v2\/pages\/7071\/revisions\/12367"}],"wp:attachment":[{"href":"https:\/\/www.titan-edge.com\/de\/wp-json\/wp\/v2\/media?parent=7071"}],"curies":[{"name":"wp","href":"https:\/\/api.w.org\/{rel}","templated":true}]}}