{"id":11939,"date":"2022-05-30T07:16:57","date_gmt":"2022-05-30T07:16:57","guid":{"rendered":"\/trading-hours-and-holidays\/"},"modified":"2025-04-23T12:44:47","modified_gmt":"2025-04-23T12:44:47","slug":"trading-hours-and-holidays","status":"publish","type":"page","link":"\/de\/trading-hours-and-holidays\/","title":{"rendered":"Handelszeiten und Feiertage"},"content":{"rendered":"\n<h1>Handelszeiten und Feiertage<\/h1>\n\n\n\n<p>&nbsp;<\/p>\n\n\n\n<p>&nbsp;<\/p>\n\n\n\n<p>&nbsp;<\/p>\n\n\n\n<p class=\"trading-hours__description\">Es ist wichtig, dass Sie wissen, wann bestimmte M\u00e4rkte aufgrund von Feiertagen geschlossen sind. Sie sollten versuchen, Ihre Gesch\u00e4fte so zu planen, dass sie nicht mit diesen Terminen zusammenfallen, da die Marktvolatilit\u00e4t h\u00f6her sein kann und Geb\u00fchren anfallen k\u00f6nnen, wenn Sie Trades w\u00e4hrend eines Feiertags offen lassen.<\/p>\n\n\n\n<p>** Alle Zeiten in EET GMT+3<\/p>\n","protected":false},"excerpt":{"rendered":"<p>Handelszeiten und Feiertage &nbsp; &nbsp; &nbsp; Es ist wichtig, dass Sie wissen, wann bestimmte M\u00e4rkte aufgrund von Feiertagen geschlossen sind. Sie sollten versuchen, Ihre Gesch\u00e4fte so zu planen, dass sie nicht mit diesen Terminen zusammenfallen, da die Marktvolatilit\u00e4t h\u00f6her sein kann und Geb\u00fchren anfallen k\u00f6nnen, wenn Sie Trades w\u00e4hrend eines Feiertags offen lassen. ** Alle [&hellip;]<\/p>\n","protected":false},"author":19,"featured_media":0,"parent":0,"menu_order":0,"comment_status":"closed","ping_status":"closed","template":"page-templates\/page-trading-hours.php","meta":[],"yoast_head":"<!-- This site is optimized with the Yoast SEO plugin v15.9.1 - https:\/\/yoast.com\/wordpress\/plugins\/seo\/ -->\n<title>Trading Hours and Holidays | TitanEdge<\/title>\n<meta name=\"description\" content=\"It is important for you to know the trading hours and when markets will be closed because of national holidays. You should try to plan your trades according to this!\" \/>\n<link rel=\"canonical\" href=\"https:\/\/www.titan-edge.com\/de\/trading-hours-and-holidays\/\" \/>\n<meta property=\"og:locale\" content=\"de_DE\" \/>\n<meta property=\"og:type\" content=\"article\" \/>\n<meta property=\"og:title\" content=\"Trading Hours and Holidays | TitanEdge\" \/>\n<meta property=\"og:description\" content=\"It is important for you to know the trading hours and when markets will be closed because of national holidays. You should try to plan your trades according to this!\" \/>\n<meta property=\"og:url\" content=\"\/de\/trading-hours-and-holidays\/\" \/>\n<meta property=\"og:site_name\" content=\"TitanEdge\" \/>\n<meta property=\"article:modified_time\" content=\"2025-04-23T12:44:47+00:00\" \/>\n<meta name=\"twitter:card\" content=\"summary_large_image\" \/>\n<meta name=\"twitter:label1\" content=\"Est. reading time\">\n\t<meta name=\"twitter:data1\" content=\"1 minute\">\n<script type=\"application\/ld+json\" class=\"yoast-schema-graph\">{\"@context\":\"https:\/\/schema.org\",\"@graph\":[{\"@type\":\"WebSite\",\"@id\":\"https:\/\/www.titan-edge.com\/#website\",\"url\":\"https:\/\/www.titan-edge.com\/\",\"name\":\"TitanEdge\",\"description\":\"\",\"potentialAction\":[{\"@type\":\"SearchAction\",\"target\":\"https:\/\/www.titan-edge.com\/?s={search_term_string}\",\"query-input\":\"required name=search_term_string\"}],\"inLanguage\":\"de\"},{\"@type\":\"WebPage\",\"@id\":\"https:\/\/www.titan-edge.com\/de\/trading-hours-and-holidays\/#webpage\",\"url\":\"https:\/\/www.titan-edge.com\/de\/trading-hours-and-holidays\/\",\"name\":\"Trading Hours and Holidays | TitanEdge\",\"isPartOf\":{\"@id\":\"https:\/\/www.titan-edge.com\/#website\"},\"datePublished\":\"2022-05-30T07:16:57+00:00\",\"dateModified\":\"2025-04-23T12:44:47+00:00\",\"description\":\"It is important for you to know the trading hours and when markets will be closed because of national holidays. You should try to plan your trades according to this!\",\"breadcrumb\":{\"@id\":\"https:\/\/www.titan-edge.com\/de\/trading-hours-and-holidays\/#breadcrumb\"},\"inLanguage\":\"de\",\"potentialAction\":[{\"@type\":\"ReadAction\",\"target\":[\"https:\/\/www.titan-edge.com\/de\/trading-hours-and-holidays\/\"]}]},{\"@type\":\"BreadcrumbList\",\"@id\":\"https:\/\/www.titan-edge.com\/de\/trading-hours-and-holidays\/#breadcrumb\",\"itemListElement\":[{\"@type\":\"ListItem\",\"position\":1,\"item\":{\"@type\":\"WebPage\",\"@id\":\"\/de\/\",\"url\":\"\/de\/\",\"name\":\"Home\"}},{\"@type\":\"ListItem\",\"position\":2,\"item\":{\"@type\":\"WebPage\",\"@id\":\"\/de\/trading-hours-and-holidays\/\",\"url\":\"\/de\/trading-hours-and-holidays\/\",\"name\":\"Handelszeiten und Feiertage\"}}]}]}<\/script>\n<!-- \/ Yoast SEO plugin. -->","_links":{"self":[{"href":"https:\/\/www.titan-edge.com\/de\/wp-json\/wp\/v2\/pages\/11939"}],"collection":[{"href":"https:\/\/www.titan-edge.com\/de\/wp-json\/wp\/v2\/pages"}],"about":[{"href":"https:\/\/www.titan-edge.com\/de\/wp-json\/wp\/v2\/types\/page"}],"author":[{"embeddable":true,"href":"https:\/\/www.titan-edge.com\/de\/wp-json\/wp\/v2\/users\/19"}],"replies":[{"embeddable":true,"href":"https:\/\/www.titan-edge.com\/de\/wp-json\/wp\/v2\/comments?post=11939"}],"version-history":[{"count":8,"href":"https:\/\/www.titan-edge.com\/de\/wp-json\/wp\/v2\/pages\/11939\/revisions"}],"predecessor-version":[{"id":12640,"href":"https:\/\/www.titan-edge.com\/de\/wp-json\/wp\/v2\/pages\/11939\/revisions\/12640"}],"wp:attachment":[{"href":"https:\/\/www.titan-edge.com\/de\/wp-json\/wp\/v2\/media?parent=11939"}],"curies":[{"name":"wp","href":"https:\/\/api.w.org\/{rel}","templated":true}]}}